{"id":2561,"date":"2026-02-18T17:36:00","date_gmt":"2026-02-18T16:36:00","guid":{"rendered":"https:\/\/www.depiclinic.pl\/?page_id=2561"},"modified":"2026-03-07T19:58:05","modified_gmt":"2026-03-07T18:58:05","slug":"magline","status":"publish","type":"page","link":"https:\/\/www.depiclinic.pl\/en\/magline\/","title":{"rendered":"Magline"},"content":{"rendered":"<div data-elementor-type=\"wp-page\" data-elementor-id=\"2561\" class=\"elementor elementor-2561\" data-elementor-post-type=\"page\">\n\t\t\t\t\t\t<section class=\"elementor-section elementor-top-section elementor-element elementor-element-81810bb elementor-section-boxed elementor-section-height-default elementor-section-height-default\" data-id=\"81810bb\" data-element_type=\"section\" data-e-type=\"section\" data-settings=\"{&quot;jet_parallax_layout_list&quot;:[]}\">\n\t\t\t\t\t\t<div class=\"elementor-container elementor-column-gap-default\">\n\t\t\t\t\t<div class=\"elementor-column elementor-col-100 elementor-top-column elementor-element elementor-element-4f076ad\" data-id=\"4f076ad\" data-element_type=\"column\" data-e-type=\"column\">\n\t\t\t<div class=\"elementor-widget-wrap elementor-element-populated\">\n\t\t\t\t\t\t<div class=\"elementor-element elementor-element-169574f elementor-hidden-tablet elementor-hidden-mobile elementor-widget elementor-widget-heading\" data-id=\"169574f\" data-element_type=\"widget\" data-e-type=\"widget\" data-widget_type=\"heading.default\">\n\t\t\t\t<div class=\"elementor-widget-container\">\n\t\t\t\t\t<h2 class=\"elementor-heading-title elementor-size-default\">Makija\u017c permanentny<\/h2>\t\t\t\t<\/div>\n\t\t\t\t<\/div>\n\t\t\t\t<div class=\"elementor-element elementor-element-1a6f0f3 elementor-hidden-desktop elementor-widget elementor-widget-heading\" data-id=\"1a6f0f3\" data-element_type=\"widget\" data-e-type=\"widget\" data-widget_type=\"heading.default\">\n\t\t\t\t<div class=\"elementor-widget-container\">\n\t\t\t\t\t<h3 class=\"elementor-heading-title elementor-size-default\">Makija\u017c permanentny<\/h3>\t\t\t\t<\/div>\n\t\t\t\t<\/div>\n\t\t\t\t<div class=\"elementor-element elementor-element-955c703 elementor-widget elementor-widget-heading\" data-id=\"955c703\" data-element_type=\"widget\" data-e-type=\"widget\" data-widget_type=\"heading.default\">\n\t\t\t\t<div class=\"elementor-widget-container\">\n\t\t\t\t\t<h3 class=\"elementor-heading-title elementor-size-default\">Twoje idealne brwi ka\u017cdego dnia. Naturalnie i trwale.<\/h3>\t\t\t\t<\/div>\n\t\t\t\t<\/div>\n\t\t\t\t\t<\/div>\n\t\t<\/div>\n\t\t\t\t\t<\/div>\n\t\t<\/section>\n\t\t\t\t<section class=\"elementor-section elementor-top-section elementor-element elementor-element-6885663 elementor-section-boxed elementor-section-height-default elementor-section-height-default\" data-id=\"6885663\" data-element_type=\"section\" data-e-type=\"section\" data-settings=\"{&quot;jet_parallax_layout_list&quot;:[]}\">\n\t\t\t\t\t\t<div class=\"elementor-container elementor-column-gap-default\">\n\t\t\t\t\t<div class=\"elementor-column elementor-col-50 elementor-top-column elementor-element elementor-element-3d58c8b\" data-id=\"3d58c8b\" data-element_type=\"column\" data-e-type=\"column\">\n\t\t\t<div class=\"elementor-widget-wrap elementor-element-populated\">\n\t\t\t\t\t\t<div class=\"elementor-element elementor-element-8e7b830 elementor-widget elementor-widget-heading\" data-id=\"8e7b830\" data-element_type=\"widget\" data-e-type=\"widget\" data-widget_type=\"heading.default\">\n\t\t\t\t<div class=\"elementor-widget-container\">\n\t\t\t\t\t<h3 class=\"elementor-heading-title elementor-size-default\">Czym charakteryzuje si\u0119 makija\u017c permanentny brwi?\u200b<\/h3>\t\t\t\t<\/div>\n\t\t\t\t<\/div>\n\t\t\t\t<div class=\"elementor-element elementor-element-e26873d elementor-widget elementor-widget-text-editor\" data-id=\"e26873d\" data-element_type=\"widget\" data-e-type=\"widget\" data-widget_type=\"text-editor.default\">\n\t\t\t\t<div class=\"elementor-widget-container\">\n\t\t\t\t\t\t\t\t\t<p>To precyzyjna metoda mikropigmentacji, kt\u00f3ra polega na implementacji atestowanych barwnik\u00f3w w g\u0142\u0105b nask\u00f3rka, aby nada\u0107 brwiom idealny, dopasowany do twarzy wygl\u0105d. Zabieg ten pozwala na kompletn\u0105 rekonstrukcj\u0119 \u0142uku brwiowego, nadanie mu odpowiedniej g\u0119sto\u015bci oraz zdefiniowanie optymalnego kszta\u0142tu.<\/p><p>Poza walorami estetycznymi, makija\u017c permanentny brwi stanowi doskona\u0142e rozwi\u0105zanie w korygowaniu defekt\u00f3w, takich jak ubytki w\u0142osk\u00f3w, asymetria czy blizny w obr\u0119bie brwi. Jego najwi\u0119ksz\u0105 zalet\u0105 jest nieskazitelny wygl\u0105d w ka\u017cdej sytuacji \u2013 bez konieczno\u015bci codziennego dorysowywania brwi i obaw o ich rozmazanie w ci\u0105gu dnia, na basenie czy podczas treningu.<\/p>\t\t\t\t\t\t\t\t<\/div>\n\t\t\t\t<\/div>\n\t\t\t\t\t<\/div>\n\t\t<\/div>\n\t\t\t\t<div class=\"elementor-column elementor-col-50 elementor-top-column elementor-element elementor-element-b0ba4fe\" data-id=\"b0ba4fe\" data-element_type=\"column\" data-e-type=\"column\">\n\t\t\t<div class=\"elementor-widget-wrap elementor-element-populated\">\n\t\t\t\t\t\t<div class=\"elementor-element elementor-element-20ad7b3 elementor-widget elementor-widget-image\" data-id=\"20ad7b3\" data-element_type=\"widget\" data-e-type=\"widget\" data-widget_type=\"image.default\">\n\t\t\t\t<div class=\"elementor-widget-container\">\n\t\t\t\t\t\t\t\t\t\t\t\t\t\t\t<img fetchpriority=\"high\" decoding=\"async\" width=\"768\" height=\"1024\" src=\"https:\/\/www.depiclinic.pl\/wp-content\/uploads\/2026\/02\/przed-i-po-zabiegu-768x1024.jpg\" class=\"attachment-large size-large wp-image-2575\" alt=\"\" srcset=\"https:\/\/www.depiclinic.pl\/wp-content\/uploads\/2026\/02\/przed-i-po-zabiegu-768x1024.jpg 768w, https:\/\/www.depiclinic.pl\/wp-content\/uploads\/2026\/02\/przed-i-po-zabiegu-225x300.jpg 225w, https:\/\/www.depiclinic.pl\/wp-content\/uploads\/2026\/02\/przed-i-po-zabiegu-1152x1536.jpg 1152w, https:\/\/www.depiclinic.pl\/wp-content\/uploads\/2026\/02\/przed-i-po-zabiegu-9x12.jpg 9w, https:\/\/www.depiclinic.pl\/wp-content\/uploads\/2026\/02\/przed-i-po-zabiegu-600x800.jpg 600w, https:\/\/www.depiclinic.pl\/wp-content\/uploads\/2026\/02\/przed-i-po-zabiegu.jpg 1536w\" sizes=\"(max-width: 768px) 100vw, 768px\" \/>\t\t\t\t\t\t\t\t\t\t\t\t\t\t\t<\/div>\n\t\t\t\t<\/div>\n\t\t\t\t\t<\/div>\n\t\t<\/div>\n\t\t\t\t\t<\/div>\n\t\t<\/section>\n\t\t\t\t<section class=\"elementor-section elementor-top-section elementor-element elementor-element-c0f8454 elementor-section-boxed elementor-section-height-default elementor-section-height-default\" data-id=\"c0f8454\" data-element_type=\"section\" data-e-type=\"section\" data-settings=\"{&quot;jet_parallax_layout_list&quot;:[]}\">\n\t\t\t\t\t\t<div class=\"elementor-container elementor-column-gap-default\">\n\t\t\t\t\t<div class=\"elementor-column elementor-col-33 elementor-top-column elementor-element elementor-element-ed26900\" data-id=\"ed26900\" data-element_type=\"column\" data-e-type=\"column\">\n\t\t\t<div class=\"elementor-widget-wrap elementor-element-populated\">\n\t\t\t\t\t\t<div class=\"elementor-element elementor-element-41c4a67 elementor-view-default elementor-position-block-start elementor-mobile-position-block-start elementor-widget elementor-widget-icon-box\" data-id=\"41c4a67\" data-element_type=\"widget\" data-e-type=\"widget\" data-widget_type=\"icon-box.default\">\n\t\t\t\t<div class=\"elementor-widget-container\">\n\t\t\t\t\t\t\t<div class=\"elementor-icon-box-wrapper\">\n\n\t\t\t\t\t\t<div class=\"elementor-icon-box-icon\">\n\t\t\t\t<span  class=\"elementor-icon\">\n\t\t\t\t<i aria-hidden=\"true\" class=\"far fa-eye\"><\/i>\t\t\t\t<\/span>\n\t\t\t<\/div>\n\t\t\t\n\t\t\t\t\t\t<div class=\"elementor-icon-box-content\">\n\n\t\t\t\t\t\t\t\t\t<h3 class=\"elementor-icon-box-title\">\n\t\t\t\t\t\t<span  >\n\t\t\t\t\t\t\tIndywidualne podej\u015bcie\t\t\t\t\t\t<\/span>\n\t\t\t\t\t<\/h3>\n\t\t\t\t\n\t\t\t\t\t\t\t\t\t<p class=\"elementor-icon-box-description\">\n\t\t\t\t\t\tNie pracuj\u0119 na szablonach. Kszta\u0142t i kolor dobieram do Twojej urody, typu cery i preferencji.\t\t\t\t\t<\/p>\n\t\t\t\t\n\t\t\t<\/div>\n\t\t\t\n\t\t<\/div>\n\t\t\t\t\t\t<\/div>\n\t\t\t\t<\/div>\n\t\t\t\t\t<\/div>\n\t\t<\/div>\n\t\t\t\t<div class=\"elementor-column elementor-col-33 elementor-top-column elementor-element elementor-element-c707e3b\" data-id=\"c707e3b\" data-element_type=\"column\" data-e-type=\"column\">\n\t\t\t<div class=\"elementor-widget-wrap elementor-element-populated\">\n\t\t\t\t\t\t<div class=\"elementor-element elementor-element-c172231 elementor-view-default elementor-position-block-start elementor-mobile-position-block-start elementor-widget elementor-widget-icon-box\" data-id=\"c172231\" data-element_type=\"widget\" data-e-type=\"widget\" data-widget_type=\"icon-box.default\">\n\t\t\t\t<div class=\"elementor-widget-container\">\n\t\t\t\t\t\t\t<div class=\"elementor-icon-box-wrapper\">\n\n\t\t\t\t\t\t<div class=\"elementor-icon-box-icon\">\n\t\t\t\t<span  class=\"elementor-icon\">\n\t\t\t\t<i aria-hidden=\"true\" class=\"far fa-gem\"><\/i>\t\t\t\t<\/span>\n\t\t\t<\/div>\n\t\t\t\n\t\t\t\t\t\t<div class=\"elementor-icon-box-content\">\n\n\t\t\t\t\t\t\t\t\t<h3 class=\"elementor-icon-box-title\">\n\t\t\t\t\t\t<span  >\n\t\t\t\t\t\t\tBezpiecze\u0144stwo i Higiena\t\t\t\t\t\t<\/span>\n\t\t\t\t\t<\/h3>\n\t\t\t\t\n\t\t\t\t\t\t\t\t\t<p class=\"elementor-icon-box-description\">\n\t\t\t\t\t\tPracuj\u0119 wy\u0142\u0105cznie na sterylnych modu\u0142ach i certyfikowanych pigmentach najwy\u017cszej jako\u015bci.\t\t\t\t\t<\/p>\n\t\t\t\t\n\t\t\t<\/div>\n\t\t\t\n\t\t<\/div>\n\t\t\t\t\t\t<\/div>\n\t\t\t\t<\/div>\n\t\t\t\t\t<\/div>\n\t\t<\/div>\n\t\t\t\t<div class=\"elementor-column elementor-col-33 elementor-top-column elementor-element elementor-element-69f1975\" data-id=\"69f1975\" data-element_type=\"column\" data-e-type=\"column\">\n\t\t\t<div class=\"elementor-widget-wrap elementor-element-populated\">\n\t\t\t\t\t\t<div class=\"elementor-element elementor-element-608d9fb elementor-view-default elementor-position-block-start elementor-mobile-position-block-start elementor-widget elementor-widget-icon-box\" data-id=\"608d9fb\" data-element_type=\"widget\" data-e-type=\"widget\" data-widget_type=\"icon-box.default\">\n\t\t\t\t<div class=\"elementor-widget-container\">\n\t\t\t\t\t\t\t<div class=\"elementor-icon-box-wrapper\">\n\n\t\t\t\t\t\t<div class=\"elementor-icon-box-icon\">\n\t\t\t\t<span  class=\"elementor-icon\">\n\t\t\t\t<i aria-hidden=\"true\" class=\"far fa-heart\"><\/i>\t\t\t\t<\/span>\n\t\t\t<\/div>\n\t\t\t\n\t\t\t\t\t\t<div class=\"elementor-icon-box-content\">\n\n\t\t\t\t\t\t\t\t\t<h3 class=\"elementor-icon-box-title\">\n\t\t\t\t\t\t<span  >\n\t\t\t\t\t\t\tNaturalny Efekt\t\t\t\t\t\t<\/span>\n\t\t\t\t\t<\/h3>\n\t\t\t\t\n\t\t\t\t\t\t\t\t\t<p class=\"elementor-icon-box-description\">\n\t\t\t\t\t\tSpecjalizuj\u0119 si\u0119 w technikach, kt\u00f3re podkre\u015blaj\u0105 urod\u0119, a nie j\u0105 przerysowuj\u0105.\t\t\t\t\t<\/p>\n\t\t\t\t\n\t\t\t<\/div>\n\t\t\t\n\t\t<\/div>\n\t\t\t\t\t\t<\/div>\n\t\t\t\t<\/div>\n\t\t\t\t\t<\/div>\n\t\t<\/div>\n\t\t\t\t\t<\/div>\n\t\t<\/section>\n\t\t\t\t<section class=\"elementor-section elementor-top-section elementor-element elementor-element-92fcdf6 elementor-section-boxed elementor-section-height-default elementor-section-height-default\" data-id=\"92fcdf6\" data-element_type=\"section\" data-e-type=\"section\" data-settings=\"{&quot;jet_parallax_layout_list&quot;:[]}\">\n\t\t\t\t\t\t<div class=\"elementor-container elementor-column-gap-default\">\n\t\t\t\t\t<div class=\"elementor-column elementor-col-50 elementor-top-column elementor-element elementor-element-19150a0\" data-id=\"19150a0\" data-element_type=\"column\" data-e-type=\"column\">\n\t\t\t<div class=\"elementor-widget-wrap elementor-element-populated\">\n\t\t\t\t\t\t<div class=\"elementor-element elementor-element-d3964d3 elementor-widget elementor-widget-image\" data-id=\"d3964d3\" data-element_type=\"widget\" data-e-type=\"widget\" data-widget_type=\"image.default\">\n\t\t\t\t<div class=\"elementor-widget-container\">\n\t\t\t\t\t\t\t\t\t\t\t\t\t\t\t<img decoding=\"async\" width=\"576\" height=\"1024\" src=\"https:\/\/www.depiclinic.pl\/wp-content\/uploads\/2026\/02\/IMG-20260130-WA0034-576x1024.jpg\" class=\"attachment-large size-large wp-image-2576\" alt=\"\" srcset=\"https:\/\/www.depiclinic.pl\/wp-content\/uploads\/2026\/02\/IMG-20260130-WA0034-576x1024.jpg 576w, https:\/\/www.depiclinic.pl\/wp-content\/uploads\/2026\/02\/IMG-20260130-WA0034-169x300.jpg 169w, https:\/\/www.depiclinic.pl\/wp-content\/uploads\/2026\/02\/IMG-20260130-WA0034-768x1365.jpg 768w, https:\/\/www.depiclinic.pl\/wp-content\/uploads\/2026\/02\/IMG-20260130-WA0034-864x1536.jpg 864w, https:\/\/www.depiclinic.pl\/wp-content\/uploads\/2026\/02\/IMG-20260130-WA0034-7x12.jpg 7w, https:\/\/www.depiclinic.pl\/wp-content\/uploads\/2026\/02\/IMG-20260130-WA0034-600x1067.jpg 600w, https:\/\/www.depiclinic.pl\/wp-content\/uploads\/2026\/02\/IMG-20260130-WA0034.jpg 1152w\" sizes=\"(max-width: 576px) 100vw, 576px\" \/>\t\t\t\t\t\t\t\t\t\t\t\t\t\t\t<\/div>\n\t\t\t\t<\/div>\n\t\t\t\t\t<\/div>\n\t\t<\/div>\n\t\t\t\t<div class=\"elementor-column elementor-col-50 elementor-top-column elementor-element elementor-element-e6a3b43\" data-id=\"e6a3b43\" data-element_type=\"column\" data-e-type=\"column\">\n\t\t\t<div class=\"elementor-widget-wrap elementor-element-populated\">\n\t\t\t\t\t\t<div class=\"elementor-element elementor-element-e7ceff5 elementor-widget elementor-widget-heading\" data-id=\"e7ceff5\" data-element_type=\"widget\" data-e-type=\"widget\" data-widget_type=\"heading.default\">\n\t\t\t\t<div class=\"elementor-widget-container\">\n\t\t\t\t\t<h3 class=\"elementor-heading-title elementor-size-default\">Powder Brows &amp; Ombre \u2013 Efekt subtelnej mgie\u0142ki na Twoich brwiach<\/h3>\t\t\t\t<\/div>\n\t\t\t\t<\/div>\n\t\t\t\t<div class=\"elementor-element elementor-element-1b7c0a1 elementor-widget elementor-widget-heading\" data-id=\"1b7c0a1\" data-element_type=\"widget\" data-e-type=\"widget\" data-widget_type=\"heading.default\">\n\t\t\t\t<div class=\"elementor-widget-container\">\n\t\t\t\t\t<h6 class=\"elementor-heading-title elementor-size-default\">Idealnie podkre\u015blone, optycznie g\u0119stsze i zawsze symetryczne. Odkryj metod\u0119, kt\u00f3r\u0105 pokocha\u0142y tysi\u0105ce kobiet.<\/h6>\t\t\t\t<\/div>\n\t\t\t\t<\/div>\n\t\t\t\t<div class=\"elementor-element elementor-element-b30dc7d elementor-widget elementor-widget-text-editor\" data-id=\"b30dc7d\" data-element_type=\"widget\" data-e-type=\"widget\" data-widget_type=\"text-editor.default\">\n\t\t\t\t<div class=\"elementor-widget-container\">\n\t\t\t\t\t\t\t\t\t<p><strong data-complete=\"true\" data-processed=\"true\">Czym jest makija\u017c metod\u0105 pudrow\u0105?<\/strong><br data-serialized-params=\"[]\" data-complete=\"true\" data-processed=\"true\" \/>Metoda\u00a0<strong data-complete=\"true\" data-processed=\"true\">Powder Brows<\/strong>\u00a0(inaczej cieniowanie lub efekt pudru) to technika, kt\u00f3ra nie polega na rysowaniu ostrych linii, lecz na delikatnym &#8222;wpylaniu&#8221; pigmentu w nask\u00f3rek. Efekt przypomina profesjonalny makija\u017c wykonany cieniem lub mi\u0119kk\u0105 kredk\u0105.<\/p><div class=\"Y3BBE\" data-sfc-cp=\"\" data-hveid=\"CAEIBBAA\" data-complete=\"true\" data-processed=\"true\"><strong class=\"Yjhzub\" data-complete=\"true\" data-processed=\"true\">Dlaczego warto wybra\u0107 Ombre Brows?<\/strong><br data-serialized-params=\"[]\" data-complete=\"true\" data-processed=\"true\" \/>W technice\u00a0<strong class=\"Yjhzub\" data-complete=\"true\" data-processed=\"true\">Ombre<\/strong>\u00a0prz\u00f3d brwi pozostaje ja\u015bniejszy i bardziej rozproszony, a nasycenie koloru stopniowo zwi\u0119ksza si\u0119 w stron\u0119 dolnej kraw\u0119dzi i ko\u0144c\u00f3wki (ogonka) brwi. Dzi\u0119ki temu:<\/div><ul class=\"KsbFXc U6u95\" data-complete=\"true\" data-processed=\"true\"><li data-hveid=\"CAEIBRAA\" data-complete=\"true\" data-sae=\"\"><span class=\"T286Pc\" data-sfc-cp=\"\" data-complete=\"true\">Twoja twarz zyskuje tr\u00f3jwymiarowy, nowoczesny wygl\u0105d.<\/span><\/li><li data-hveid=\"CAEIBRAB\" data-complete=\"true\" data-sae=\"\"><span class=\"T286Pc\" data-sfc-cp=\"\" data-complete=\"true\">Unikasz efektu \u201eci\u0119\u017ckich\u201d, przerysowanych brwi.<\/span><\/li><li data-hveid=\"CAEIBRAC\" data-complete=\"true\" data-sae=\"\"><span class=\"T286Pc\" data-sfc-cp=\"\" data-complete=\"true\" aria-owns=\"action-menu-parent-container\">Cieszysz si\u0119 naturalnym przej\u015bciem kolorystycznym, kt\u00f3re pasuje do ka\u017cdej urody.<\/span><\/li><\/ul><div class=\"Y3BBE\" data-sfc-cp=\"\" data-hveid=\"CAEIBhAA\" data-complete=\"true\" data-processed=\"true\"><strong class=\"Yjhzub\" data-complete=\"true\" data-processed=\"true\">Dla kogo jest ta metoda?<\/strong><br data-serialized-params=\"[]\" data-complete=\"true\" data-processed=\"true\" \/>To najbardziej uniwersalna technika makija\u017cu permanentnego. Polecam j\u0105 szczeg\u00f3lnie, je\u015bli:<\/div><ul class=\"KsbFXc U6u95\" data-complete=\"true\" data-processed=\"true\"><li data-hveid=\"CAEIBxAA\" data-complete=\"true\" data-sae=\"\"><span class=\"T286Pc\" data-sfc-cp=\"\" data-complete=\"true\">Masz cer\u0119 t\u0142ust\u0105 lub mieszan\u0105 (na kt\u00f3rej microblading cz\u0119sto si\u0119 nie sprawdza).<\/span><\/li><li data-hveid=\"CAEIBxAB\" data-complete=\"true\" data-sae=\"\"><span class=\"T286Pc\" data-sfc-cp=\"\" data-complete=\"true\">Twoje naturalne brwi s\u0105 rzadkie lub maj\u0105 ubytki.<\/span><\/li><li data-hveid=\"CAEIBxAC\" data-complete=\"true\" data-sae=\"\"><span class=\"T286Pc\" data-sfc-cp=\"\" data-complete=\"true\">Cenisz sobie wygod\u0119 i chcesz wygl\u0105da\u0107 dobrze zaraz po przebudzeniu, na basenie czy na si\u0142owni.<\/span><\/li><li data-hveid=\"CAEIBxAD\" data-complete=\"true\" data-sae=\"\"><span class=\"T286Pc\" data-sfc-cp=\"\" data-complete=\"true\">Chcesz ukry\u0107 asymetri\u0119 \u0142uk\u00f3w brwiowych.<\/span><\/li><\/ul><div class=\"Y3BBE\" data-sfc-cp=\"\" data-hveid=\"CAEICBAA\" data-complete=\"true\" data-processed=\"true\" aria-owns=\"action-menu-parent-container\"><strong class=\"Yjhzub\" data-complete=\"true\" data-processed=\"true\">Trwa\u0142o\u015b\u0107 i komfort:<\/strong><br data-serialized-params=\"[]\" data-complete=\"true\" data-processed=\"true\" \/>Zabieg jest niemal bezbolesny, a efekt utrzymuje si\u0119 zazwyczaj\u00a0<strong class=\"Yjhzub\" data-complete=\"true\" data-processed=\"true\">od 1,5 do 2 lat<\/strong>, zale\u017cnie od typu cery i piel\u0119gnacji. Kolor wy\u0142uszcza si\u0119 stopniowo i r\u00f3wnomiernie, nie zmieniaj\u0105c barwy na niepo\u017c\u0105dan\u0105.<\/div>\t\t\t\t\t\t\t\t<\/div>\n\t\t\t\t<\/div>\n\t\t\t\t\t<\/div>\n\t\t<\/div>\n\t\t\t\t\t<\/div>\n\t\t<\/section>\n\t\t\t\t<section class=\"elementor-section elementor-top-section elementor-element elementor-element-0e05876 elementor-section-boxed elementor-section-height-default elementor-section-height-default\" data-id=\"0e05876\" data-element_type=\"section\" data-e-type=\"section\" data-settings=\"{&quot;jet_parallax_layout_list&quot;:[]}\">\n\t\t\t\t\t\t<div class=\"elementor-container elementor-column-gap-default\">\n\t\t\t\t\t<div class=\"elementor-column elementor-col-100 elementor-top-column elementor-element elementor-element-1155c30\" data-id=\"1155c30\" data-element_type=\"column\" data-e-type=\"column\">\n\t\t\t<div class=\"elementor-widget-wrap elementor-element-populated\">\n\t\t\t\t\t\t<div class=\"elementor-element elementor-element-93212f5 elementor-widget elementor-widget-gallery\" data-id=\"93212f5\" data-element_type=\"widget\" data-e-type=\"widget\" data-settings=\"{&quot;gallery_layout&quot;:&quot;justified&quot;,&quot;gap&quot;:{&quot;unit&quot;:&quot;px&quot;,&quot;size&quot;:25,&quot;sizes&quot;:[]},&quot;lazyload&quot;:&quot;yes&quot;,&quot;ideal_row_height&quot;:{&quot;unit&quot;:&quot;px&quot;,&quot;size&quot;:200,&quot;sizes&quot;:[]},&quot;ideal_row_height_tablet&quot;:{&quot;unit&quot;:&quot;px&quot;,&quot;size&quot;:150,&quot;sizes&quot;:[]},&quot;ideal_row_height_mobile&quot;:{&quot;unit&quot;:&quot;px&quot;,&quot;size&quot;:150,&quot;sizes&quot;:[]},&quot;gap_tablet&quot;:{&quot;unit&quot;:&quot;px&quot;,&quot;size&quot;:10,&quot;sizes&quot;:[]},&quot;gap_mobile&quot;:{&quot;unit&quot;:&quot;px&quot;,&quot;size&quot;:10,&quot;sizes&quot;:[]},&quot;link_to&quot;:&quot;file&quot;,&quot;overlay_background&quot;:&quot;yes&quot;,&quot;content_hover_animation&quot;:&quot;fade-in&quot;}\" data-widget_type=\"gallery.default\">\n\t\t\t\t<div class=\"elementor-widget-container\">\n\t\t\t\t\t\t\t<div class=\"elementor-gallery__container\">\n\t\t\t\t\t\t\t<a class=\"e-gallery-item elementor-gallery-item elementor-animated-content\" href=\"https:\/\/www.depiclinic.pl\/wp-content\/uploads\/2026\/03\/po-zab.jpg\" data-elementor-open-lightbox=\"yes\" data-elementor-lightbox-slideshow=\"93212f5\" data-elementor-lightbox-title=\"Efekt po zabiegu Ombre Brows\" data-e-action-hash=\"#elementor-action%3Aaction%3Dlightbox%26settings%3DeyJpZCI6MjYwMiwidXJsIjoiaHR0cHM6XC9cL3d3dy5kZXBpY2xpbmljLnBsXC93cC1jb250ZW50XC91cGxvYWRzXC8yMDI2XC8wM1wvcG8temFiLmpwZyIsInNsaWRlc2hvdyI6IjkzMjEyZjUifQ%3D%3D\">\n\t\t\t\t\t<div class=\"e-gallery-image elementor-gallery-item__image\" data-thumbnail=\"https:\/\/www.depiclinic.pl\/wp-content\/uploads\/2026\/03\/po-zab-300x300.jpg\" data-width=\"300\" data-height=\"300\" aria-label=\"\" role=\"img\" ><\/div>\n\t\t\t\t\t\t\t\t\t\t\t<div class=\"elementor-gallery-item__overlay\"><\/div>\n\t\t\t\t\t\t\t\t\t\t\t\t\t\t<\/a>\n\t\t\t\t\t\t\t<a class=\"e-gallery-item elementor-gallery-item elementor-animated-content\" href=\"https:\/\/www.depiclinic.pl\/wp-content\/uploads\/2026\/03\/zdjecia-ze-szkolenia-remover.jpg\" data-elementor-open-lightbox=\"yes\" data-elementor-lightbox-slideshow=\"93212f5\" data-elementor-lightbox-title=\"Usuwanie makija\u017cu permanentnego\" data-e-action-hash=\"#elementor-action%3Aaction%3Dlightbox%26settings%3DeyJpZCI6MjYwMSwidXJsIjoiaHR0cHM6XC9cL3d3dy5kZXBpY2xpbmljLnBsXC93cC1jb250ZW50XC91cGxvYWRzXC8yMDI2XC8wM1wvemRqZWNpYS16ZS1zemtvbGVuaWEtcmVtb3Zlci5qcGciLCJzbGlkZXNob3ciOiI5MzIxMmY1In0%3D\">\n\t\t\t\t\t<div class=\"e-gallery-image elementor-gallery-item__image\" data-thumbnail=\"https:\/\/www.depiclinic.pl\/wp-content\/uploads\/2026\/03\/zdjecia-ze-szkolenia-remover-300x300.jpg\" data-width=\"300\" data-height=\"300\" aria-label=\"\" role=\"img\" ><\/div>\n\t\t\t\t\t\t\t\t\t\t\t<div class=\"elementor-gallery-item__overlay\"><\/div>\n\t\t\t\t\t\t\t\t\t\t\t\t\t\t<\/a>\n\t\t\t\t\t<\/div>\n\t\t\t\t\t<\/div>\n\t\t\t\t<\/div>\n\t\t\t\t\t<\/div>\n\t\t<\/div>\n\t\t\t\t\t<\/div>\n\t\t<\/section>\n\t\t\t\t<\/div>","protected":false},"excerpt":{"rendered":"<p>Makija\u017c permanentny Makija\u017c permanentny Twoje idealne brwi ka\u017cdego dnia. Naturalnie i trwale. Czym charakteryzuje si\u0119 makija\u017c permanentny brwi?\u200b To precyzyjna metoda mikropigmentacji, kt\u00f3ra polega na implementacji atestowanych barwnik\u00f3w w g\u0142\u0105b nask\u00f3rka, aby nada\u0107 brwiom idealny, dopasowany do twarzy wygl\u0105d. Zabieg ten pozwala na kompletn\u0105 rekonstrukcj\u0119 \u0142uku brwiowego, nadanie mu odpowiedniej g\u0119sto\u015bci oraz zdefiniowanie optymalnego kszta\u0142tu. [&hellip;]<\/p>\n","protected":false},"author":1,"featured_media":0,"parent":0,"menu_order":0,"comment_status":"closed","ping_status":"closed","template":"","meta":{"_acf_changed":false,"footnotes":""},"class_list":["post-2561","page","type-page","status-publish","hentry"],"acf":[],"_links":{"self":[{"href":"https:\/\/www.depiclinic.pl\/en\/wp-json\/wp\/v2\/pages\/2561","targetHints":{"allow":["GET"]}}],"collection":[{"href":"https:\/\/www.depiclinic.pl\/en\/wp-json\/wp\/v2\/pages"}],"about":[{"href":"https:\/\/www.depiclinic.pl\/en\/wp-json\/wp\/v2\/types\/page"}],"author":[{"embeddable":true,"href":"https:\/\/www.depiclinic.pl\/en\/wp-json\/wp\/v2\/users\/1"}],"replies":[{"embeddable":true,"href":"https:\/\/www.depiclinic.pl\/en\/wp-json\/wp\/v2\/comments?post=2561"}],"version-history":[{"count":21,"href":"https:\/\/www.depiclinic.pl\/en\/wp-json\/wp\/v2\/pages\/2561\/revisions"}],"predecessor-version":[{"id":2614,"href":"https:\/\/www.depiclinic.pl\/en\/wp-json\/wp\/v2\/pages\/2561\/revisions\/2614"}],"wp:attachment":[{"href":"https:\/\/www.depiclinic.pl\/en\/wp-json\/wp\/v2\/media?parent=2561"}],"curies":[{"name":"wp","href":"https:\/\/api.w.org\/{rel}","templated":true}]}}