{"id":2585,"date":"2026-03-07T18:25:28","date_gmt":"2026-03-07T17:25:28","guid":{"rendered":"https:\/\/www.depiclinic.pl\/?page_id=2585"},"modified":"2026-03-07T19:43:23","modified_gmt":"2026-03-07T18:43:23","slug":"przeciwwskazania-do-zabiegu-makijazu-permanentnego","status":"publish","type":"page","link":"https:\/\/www.depiclinic.pl\/en\/magline\/przeciwwskazania-do-zabiegu-makijazu-permanentnego\/","title":{"rendered":"Przeciwwskazania do zabiegu makija\u017cu permanentnego"},"content":{"rendered":"<div data-elementor-type=\"wp-page\" data-elementor-id=\"2585\" class=\"elementor elementor-2585\" data-elementor-post-type=\"page\">\n\t\t\t\t\t\t<section class=\"elementor-section elementor-top-section elementor-element elementor-element-3fb8175 elementor-section-boxed elementor-section-height-default elementor-section-height-default\" data-id=\"3fb8175\" data-element_type=\"section\" data-e-type=\"section\" data-settings=\"{&quot;jet_parallax_layout_list&quot;:[]}\">\n\t\t\t\t\t\t<div class=\"elementor-container elementor-column-gap-default\">\n\t\t\t\t\t<div class=\"elementor-column elementor-col-100 elementor-top-column elementor-element elementor-element-ea2711a\" data-id=\"ea2711a\" data-element_type=\"column\" data-e-type=\"column\">\n\t\t\t<div class=\"elementor-widget-wrap elementor-element-populated\">\n\t\t\t\t\t\t<div class=\"elementor-element elementor-element-c225b5b elementor-widget elementor-widget-heading\" data-id=\"c225b5b\" data-element_type=\"widget\" data-e-type=\"widget\" data-widget_type=\"heading.default\">\n\t\t\t\t<div class=\"elementor-widget-container\">\n\t\t\t\t\t<h2 class=\"elementor-heading-title elementor-size-default\">Przeciwwskazania do zabiegu makija\u017cu permanentnego<\/h2>\t\t\t\t<\/div>\n\t\t\t\t<\/div>\n\t\t\t\t\t<\/div>\n\t\t<\/div>\n\t\t\t\t\t<\/div>\n\t\t<\/section>\n\t\t\t\t<section class=\"elementor-section elementor-top-section elementor-element elementor-element-a8dce2e elementor-section-boxed elementor-section-height-default elementor-section-height-default\" data-id=\"a8dce2e\" data-element_type=\"section\" data-e-type=\"section\" data-settings=\"{&quot;jet_parallax_layout_list&quot;:[]}\">\n\t\t\t\t\t\t<div class=\"elementor-container elementor-column-gap-default\">\n\t\t\t\t\t<div class=\"elementor-column elementor-col-100 elementor-top-column elementor-element elementor-element-0942eb3\" data-id=\"0942eb3\" data-element_type=\"column\" data-e-type=\"column\">\n\t\t\t<div class=\"elementor-widget-wrap elementor-element-populated\">\n\t\t\t\t\t\t<div class=\"elementor-element elementor-element-eb132c6 elementor-widget elementor-widget-heading\" data-id=\"eb132c6\" data-element_type=\"widget\" data-e-type=\"widget\" data-widget_type=\"heading.default\">\n\t\t\t\t<div class=\"elementor-widget-container\">\n\t\t\t\t\t<h5 class=\"elementor-heading-title elementor-size-default\">Przed zabiegiem makija\u017cu permanentnego prosimy o zapoznanie si\u0119 z przeciwwskazaniami do zabiegu<\/h5>\t\t\t\t<\/div>\n\t\t\t\t<\/div>\n\t\t\t\t\t<\/div>\n\t\t<\/div>\n\t\t\t\t\t<\/div>\n\t\t<\/section>\n\t\t\t\t<section class=\"elementor-section elementor-top-section elementor-element elementor-element-96a84ef elementor-section-boxed elementor-section-height-default elementor-section-height-default\" data-id=\"96a84ef\" data-element_type=\"section\" data-e-type=\"section\" data-settings=\"{&quot;jet_parallax_layout_list&quot;:[]}\">\n\t\t\t\t\t\t<div class=\"elementor-container elementor-column-gap-default\">\n\t\t\t\t\t<div class=\"elementor-column elementor-col-100 elementor-top-column elementor-element elementor-element-2baeb21\" data-id=\"2baeb21\" data-element_type=\"column\" data-e-type=\"column\">\n\t\t\t<div class=\"elementor-widget-wrap elementor-element-populated\">\n\t\t\t\t\t\t<div class=\"elementor-element elementor-element-981b7c9 elementor-widget elementor-widget-text-editor\" data-id=\"981b7c9\" data-element_type=\"widget\" data-e-type=\"widget\" data-widget_type=\"text-editor.default\">\n\t\t\t\t<div class=\"elementor-widget-container\">\n\t\t\t\t\t\t\t\t\t<h5>Makija\u017c permanentny brwi:<\/h5><ul><li>Ci\u0105\u017ca<\/li><li>Okres laktacji<\/li><li>Alergia na farby fryzjerskie<\/li><li>Alergia na lidokain\u0119<\/li><li>Alergia na preparat relaksuj\u0105cy, daj\u0105cy efekt znieczulaj\u0105cy, stosowany w niekt\u00f3rych przypadkach<\/li><li>Dermatologiczne zmiany sk\u00f3rne w obszarze poddawanym zabiegowi (tr\u0105dzik ropowiczy, stany ropne, alergiczne lub grzybicze zmiany w okolicach podlegaj\u0105cych zabiegowi, naczyniaki, liszaje, brodawczaki, przerwania ci\u0105g\u0142o\u015bci nask\u00f3rka, poparzenia s\u0142oneczne)<\/li><li>Sk\u00f3ra trudno goj\u0105ca si\u0119 lub z tendencjami do koloid\u00f3w i blizn<\/li><li>\u0141uszczyca (w fazie aktywnej)<\/li><li>Nieustabilizowana cukrzyca<\/li><li>Hemofilia<\/li><li>Choroba nowotworowa<\/li><li>\u017b\u00f3\u0142taczka<\/li><li>HIV<\/li><li>Arytmia serca<\/li><li>Epilepsja<\/li><li>Nadpobudliwo\u015b\u0107 nerwowa, tiki nerwowe<\/li><li>Bielactwo<\/li><li>Aktywna opryszczka<\/li><li>Choroba autoimmunologiczna<\/li><li>Kuracja sterydowa<\/li><li>Antybiotykoterapia<\/li><li>Leki rozrzedzaj\u0105ce krew<\/li><li>Leki do aplikacji miejscowej w obszarze obj\u0119tym zabiegiem<\/li><li>Przeprowadzony zabieg z\u0142uszczania nask\u00f3rka przez okres 4 tygodni przed zabiegiem<\/li><li>Stosowanie od\u017cywki do rewitalizacji, stymulacji wzrostu brwi w okresie miesi\u0105ca przed zabiegiem<\/li><li>Ostrzykiwanie okolicy czo\u0142a preparatami maj\u0105cym na celu unieruchomienia mi\u0119\u015bni czo\u0142owych w okresie tygodnia przed zabiegiem (BTX, Botox, Azzalure)<\/li><li>Przebywanie w najbli\u017cszych dniach w mocno nas\u0142onecznionych miejscach<\/li><li>Podwy\u017cszona temperatura i przezi\u0119bienie w dniu zabiegu<\/li><li>Stan zapalny organizmu w dniu zabiegu<\/li><li>Spo\u017cywanie alkoholu i \u015brodk\u00f3w odurzaj\u0105cych w ostatnich 24h<\/li><li>Niesteroidowe leki przeciwzapalne (NLPZ)<\/li><li>Sk\u00f3ra t\u0142usta, porowata i gruba (przeciwskazanie przy metodzie w\u0142osowej\/microblading)<\/li><li>Planowane inwazyjne zabiegi medyczne, operacje, zastrzyki, narkoza w dniu zabiegu makija\u017cu permanentnego.<\/li><li>\u00a0<\/li><\/ul><h5>Usuwanie makija\u017cu permanentnego:<\/h5><ul><li>Ci\u0105\u017ca<\/li><li>Okres laktacji<\/li><li>Dermatologiczne zmiany sk\u00f3rne w obszarze poddawanym zabiegowi (tr\u0105dzik ropowiczy, stany ropne, alergiczne lub grzybicze zmiany w okolicach podlegaj\u0105cych zabiegowi, naczyniaki, liszaje, brodawczaki, przerwania ci\u0105g\u0142o\u015bci nask\u00f3rka, poparzenia s\u0142oneczne)<\/li><li>Nieustabilizowana cukrzyca<\/li><li>Hemofilia<\/li><li>Choroba nowotworowa<\/li><li>\u017b\u00f3\u0142taczka<\/li><li>HIV<\/li><li>Arytmia serca<\/li><li>Epilepsja<\/li><li>Nadpobudliwo\u015b\u0107 nerwowa, tiki nerwowe<\/li><li>Choroba autoimmunologiczna<\/li><li>Sk\u00f3ra trudno goj\u0105ca si\u0119 lub z tendencjami do koloid\u00f3w i blizn<\/li><li>Aktywna opryszczka<\/li><li>Kuracja sterydowa<\/li><li>Antybiotykoterapia<\/li><li>Leki rozrzedzaj\u0105ce krew<\/li><li>Leki do aplikacji miejscowej w obszarze obj\u0119tym zabiegiem<\/li><li>Przeprowadzony zabieg z\u0142uszczania nask\u00f3rka przez okres 4 tygodni przed zabiegiem<\/li><li>Przebywanie w najbli\u017cszych dniach w mocno nas\u0142onecznionych miejscach<\/li><li>Podwy\u017cszona temperatura i przezi\u0119bienie w dniu zabiegu<\/li><li>Stan zapalny organizmu w dniu zabiegu<\/li><li>Spo\u017cywanie alkoholu i \u015brodk\u00f3w odurzaj\u0105cych w ostatnich 24h<\/li><li>Niesteroidowe leki przeciwzapalne (NLPZ)<\/li><li>Planowane inwazyjne zabiegi medyczne, operacje, zastrzyki, narkoza w dniu zabiegu makija\u017cu permanentnego.<\/li><\/ul><p><em><strong>W przypadku wyst\u0105pienia jakichkolwiek przeciwwskaza\u0144 do zabiegu prosimy o kontakt : 690-979-179<\/strong><\/em><\/p>\t\t\t\t\t\t\t\t<\/div>\n\t\t\t\t<\/div>\n\t\t\t\t\t<\/div>\n\t\t<\/div>\n\t\t\t\t\t<\/div>\n\t\t<\/section>\n\t\t\t\t<\/div>","protected":false},"excerpt":{"rendered":"<p>Przeciwwskazania do zabiegu makija\u017cu permanentnego Przed zabiegiem makija\u017cu permanentnego prosimy o zapoznanie si\u0119 z przeciwwskazaniami do zabiegu Makija\u017c permanentny brwi: Ci\u0105\u017ca Okres laktacji Alergia na farby fryzjerskie Alergia na lidokain\u0119 Alergia na preparat relaksuj\u0105cy, daj\u0105cy efekt znieczulaj\u0105cy, stosowany w niekt\u00f3rych przypadkach Dermatologiczne zmiany sk\u00f3rne w obszarze poddawanym zabiegowi (tr\u0105dzik ropowiczy, stany ropne, alergiczne lub grzybicze [&hellip;]<\/p>\n","protected":false},"author":1,"featured_media":0,"parent":2561,"menu_order":0,"comment_status":"closed","ping_status":"closed","template":"","meta":{"_acf_changed":false,"footnotes":""},"class_list":["post-2585","page","type-page","status-publish","hentry"],"acf":[],"_links":{"self":[{"href":"https:\/\/www.depiclinic.pl\/en\/wp-json\/wp\/v2\/pages\/2585","targetHints":{"allow":["GET"]}}],"collection":[{"href":"https:\/\/www.depiclinic.pl\/en\/wp-json\/wp\/v2\/pages"}],"about":[{"href":"https:\/\/www.depiclinic.pl\/en\/wp-json\/wp\/v2\/types\/page"}],"author":[{"embeddable":true,"href":"https:\/\/www.depiclinic.pl\/en\/wp-json\/wp\/v2\/users\/1"}],"replies":[{"embeddable":true,"href":"https:\/\/www.depiclinic.pl\/en\/wp-json\/wp\/v2\/comments?post=2585"}],"version-history":[{"count":8,"href":"https:\/\/www.depiclinic.pl\/en\/wp-json\/wp\/v2\/pages\/2585\/revisions"}],"predecessor-version":[{"id":2600,"href":"https:\/\/www.depiclinic.pl\/en\/wp-json\/wp\/v2\/pages\/2585\/revisions\/2600"}],"up":[{"embeddable":true,"href":"https:\/\/www.depiclinic.pl\/en\/wp-json\/wp\/v2\/pages\/2561"}],"wp:attachment":[{"href":"https:\/\/www.depiclinic.pl\/en\/wp-json\/wp\/v2\/media?parent=2585"}],"curies":[{"name":"wp","href":"https:\/\/api.w.org\/{rel}","templated":true}]}}