{"id":624,"date":"2023-05-07T15:41:54","date_gmt":"2023-05-07T13:41:54","guid":{"rendered":"https:\/\/depiclinic.pl\/?page_id=624"},"modified":"2026-02-16T20:00:39","modified_gmt":"2026-02-16T19:00:39","slug":"depilacja-laserowa","status":"publish","type":"page","link":"https:\/\/www.depiclinic.pl\/en\/depilacja-laserowa\/","title":{"rendered":"Depilacja Laserowa"},"content":{"rendered":"<div data-elementor-type=\"wp-page\" data-elementor-id=\"624\" class=\"elementor elementor-624\" data-elementor-post-type=\"page\">\n\t\t\t\t\t\t<section class=\"elementor-section elementor-top-section elementor-element elementor-element-297ac7a elementor-section-boxed elementor-section-height-default elementor-section-height-default\" data-id=\"297ac7a\" data-element_type=\"section\" data-e-type=\"section\" data-settings=\"{&quot;jet_parallax_layout_list&quot;:[]}\">\n\t\t\t\t\t\t<div class=\"elementor-container elementor-column-gap-default\">\n\t\t\t\t\t<div class=\"elementor-column elementor-col-100 elementor-top-column elementor-element elementor-element-65c9178\" data-id=\"65c9178\" data-element_type=\"column\" data-e-type=\"column\">\n\t\t\t<div class=\"elementor-widget-wrap elementor-element-populated\">\n\t\t\t\t\t\t<section class=\"elementor-section elementor-inner-section elementor-element elementor-element-4023b0f elementor-section-boxed elementor-section-height-default elementor-section-height-default\" data-id=\"4023b0f\" data-element_type=\"section\" data-e-type=\"section\" data-settings=\"{&quot;jet_parallax_layout_list&quot;:[]}\">\n\t\t\t\t\t\t<div class=\"elementor-container elementor-column-gap-default\">\n\t\t\t\t\t<div class=\"elementor-column elementor-col-50 elementor-inner-column elementor-element elementor-element-229a029\" data-id=\"229a029\" data-element_type=\"column\" data-e-type=\"column\">\n\t\t\t<div class=\"elementor-widget-wrap elementor-element-populated\">\n\t\t\t\t\t\t<div class=\"elementor-element elementor-element-d31c2fe elementor-widget__width-initial elementor-widget elementor-widget-image\" data-id=\"d31c2fe\" data-element_type=\"widget\" data-e-type=\"widget\" data-widget_type=\"image.default\">\n\t\t\t\t<div class=\"elementor-widget-container\">\n\t\t\t\t\t\t\t\t\t\t\t\t\t\t\t<img fetchpriority=\"high\" decoding=\"async\" width=\"581\" height=\"1024\" src=\"https:\/\/www.depiclinic.pl\/wp-content\/uploads\/2023\/05\/DuetRight_5x7_1000-581x1024.jpg\" class=\"attachment-large size-large wp-image-628\" alt=\"\" srcset=\"https:\/\/www.depiclinic.pl\/wp-content\/uploads\/2023\/05\/DuetRight_5x7_1000-581x1024.jpg 581w, https:\/\/www.depiclinic.pl\/wp-content\/uploads\/2023\/05\/DuetRight_5x7_1000-170x300.jpg 170w, https:\/\/www.depiclinic.pl\/wp-content\/uploads\/2023\/05\/DuetRight_5x7_1000-7x12.jpg 7w, https:\/\/www.depiclinic.pl\/wp-content\/uploads\/2023\/05\/DuetRight_5x7_1000-600x1057.jpg 600w, https:\/\/www.depiclinic.pl\/wp-content\/uploads\/2023\/05\/DuetRight_5x7_1000.jpg 681w\" sizes=\"(max-width: 581px) 100vw, 581px\" \/>\t\t\t\t\t\t\t\t\t\t\t\t\t\t\t<\/div>\n\t\t\t\t<\/div>\n\t\t\t\t\t<\/div>\n\t\t<\/div>\n\t\t\t\t<div class=\"elementor-column elementor-col-50 elementor-inner-column elementor-element elementor-element-d0546dd\" data-id=\"d0546dd\" data-element_type=\"column\" data-e-type=\"column\">\n\t\t\t<div class=\"elementor-widget-wrap elementor-element-populated\">\n\t\t\t\t\t\t<div class=\"elementor-element elementor-element-1a4fe2d elementor-widget elementor-widget-heading\" data-id=\"1a4fe2d\" data-element_type=\"widget\" data-e-type=\"widget\" data-widget_type=\"heading.default\">\n\t\t\t\t<div class=\"elementor-widget-container\">\n\t\t\t\t\t<h2 class=\"elementor-heading-title elementor-size-default\">Jak dzia\u0142a laser LightSheer DUET?<\/h2>\t\t\t\t<\/div>\n\t\t\t\t<\/div>\n\t\t\t\t<div class=\"elementor-element elementor-element-4cb683d elementor-widget elementor-widget-text-editor\" data-id=\"4cb683d\" data-element_type=\"widget\" data-e-type=\"widget\" data-widget_type=\"text-editor.default\">\n\t\t\t\t<div class=\"elementor-widget-container\">\n\t\t\t\t\t\t\t\t\t<p>LightSheer Duet jest laserem diodowym, kt\u00f3ry posiada dwie g\u0142owice do depilacji:<\/p><p>Pierwsza z g\u0142owic, posiada terapeutyczne okienko wykonane z syntetycznego szafiru. Dostarcza ono trzy energetyczne impulsy na sekund\u0119 o g\u0119sto\u015bci energii nawet do 100 J\/cm2. Zagro\u017cenie oparze\u0144 wyeliminowane jest poprzez zastosowanie ch\u0142odzonej ko\u0144c\u00f3wki szafirowej.<br \/>Druga g\u0142owica \u0142\u0105czy w sobie bardzo du\u017c\u0105 powierzchni\u0119 zabiegow\u0105 i podci\u015bnienie. Pozwala to na szybk\u0105 i bezbolesn\u0105 depilacj\u0119 prowadzon\u0105 na du\u017cych powierzchniach cia\u0142a. Dzi\u0119ki wi\u0119kszej powierzchni wi\u0105zki lasera kierowanej na cia\u0142o mamy mo\u017cliwo\u015b\u0107 g\u0142\u0119bszego wnikania \u015bwiat\u0142a i zwi\u0119kszenia efektywno\u015bci zabiegu. Druga g\u0142owica zasysa tak\u017ce sk\u00f3r\u0119 co 10-krotnie zmniejsza ilo\u015b\u0107 potrzebnych impuls\u00f3w, a co za tym idzie r\u00f3wnie\u017c zu\u017cycie energii.<br \/>Badania w USA wykaza\u0142y identyczn\u0105 skuteczno\u015b\u0107 obu g\u0142owic.<\/p><h1 style=\"font-size: 15px; display: inline; margin: 0 auto 1rem auto; color: var( --e-global-color-text ); font-family: var( --e-global-typography-text-font-family ), Sans-serif; font-weight: var( --e-global-typography-text-font-weight );\">Depilacja przy u\u017cyciu LightSheer Duet<\/h1><p style=\"font-size: 15px; display: inline; margin: 0 auto 1rem auto; color: var( --e-global-color-text ); font-family: var( --e-global-typography-text-font-family ), Sans-serif; font-weight: var( --e-global-typography-text-font-weight );\">\u00a0np. depilacja \u0142ydek now\u0105 g\u0142owic\u0105 zajmuje zaledwie 20 \u2013 25 minut.<\/p><p><span style=\"color: var( --e-global-color-text ); font-family: var( --e-global-typography-text-font-family ), Sans-serif; font-weight: var( --e-global-typography-text-font-weight );\"><br \/>Zasada dzia\u0142ania lasera diodowego LightSheer Duet polega na niszczeniu mieszka w\u0142osowego za pomoc\u0105 \u015bwiat\u0142a laserowego. W trakcie zabiegu jakim jest depilacja laserowa za pomoc\u0105 LightSheer, przenikaj\u0105ca w g\u0142\u0105b sk\u00f3ry wi\u0105zka energii jest poch\u0142aniana przez melanin\u0119 (barwnik) i zamieniana na ciep\u0142o (nast\u0119puje uszkodzenie macierzy w\u0142osa). Energia wytwarzana przez laser jest absolutnie bezpieczna dla cz\u0142owieka i nie wp\u0142ywa na funkcje organizmu.<\/span><\/p><p>Ch\u0142odzenie jest jednym z najwa\u017cniejszych czynnik\u00f3w bezpiecznego i skutecznego zabiegu, gdy\u017c nie tylko w\u0142os, ale i nask\u00f3rek zawiera melanin\u0119 i absorbuje energi\u0119 \u015bwiat\u0142a. Zastosowano tzw. ch\u0142odzenie aktywne, poprzez sta\u0142y kontakt z zimnym obiektem dobrze odprowadzaj\u0105cym ciep\u0142o ze sk\u00f3ry. Kom\u00f3rki mieszka b\u0119d\u0105ce celem \u201eataku\u201d le\u017c\u0105 na g\u0142\u0119boko\u015bci ok. 1-3 mm w g\u0142\u0119bi sk\u00f3ry. Wystarczaj\u0105cy do ich zniszczenia wzrost temperatury wymaga czasu 0.2-1 sek., a ch\u0142odzenie aktywne w tym czasie pozwala utrzyma\u0107 sk\u00f3r\u0119 w bezpiecznej temperaturze. Szafir, kt\u00f3ry zosta\u0142 zastosowany w laserze LightSheer Duet, jest idealnym materia\u0142em do wykonania ko\u0144c\u00f3wki ch\u0142odz\u0105cej, b\u0119d\u0105cym znakomitym przewodnikiem ciep\u0142a i przewodz\u0105cym \u015bwiat\u0142o diody.<\/p><p>Zesp\u00f3\u0142 bardzo mocnych diod zastosowanych w LightSheer Duet jest jednym z kluczowych element\u00f3w, kt\u00f3ry pozwala bezbole\u015bnie usun\u0105\u0107 w\u0142osy.<\/p>\t\t\t\t\t\t\t\t<\/div>\n\t\t\t\t<\/div>\n\t\t\t\t\t<\/div>\n\t\t<\/div>\n\t\t\t\t\t<\/div>\n\t\t<\/section>\n\t\t\t\t\t<\/div>\n\t\t<\/div>\n\t\t\t\t\t<\/div>\n\t\t<\/section>\n\t\t\t\t<section class=\"elementor-section elementor-top-section elementor-element elementor-element-98da31a elementor-section-boxed elementor-section-height-default elementor-section-height-default\" data-id=\"98da31a\" data-element_type=\"section\" data-e-type=\"section\" data-settings=\"{&quot;jet_parallax_layout_list&quot;:[]}\">\n\t\t\t\t\t\t<div class=\"elementor-container elementor-column-gap-default\">\n\t\t\t\t\t<div class=\"elementor-column elementor-col-33 elementor-top-column elementor-element elementor-element-de3a952\" data-id=\"de3a952\" data-element_type=\"column\" data-e-type=\"column\" data-settings=\"{&quot;background_background&quot;:&quot;classic&quot;}\">\n\t\t\t<div class=\"elementor-widget-wrap\">\n\t\t\t\t\t\t\t<\/div>\n\t\t<\/div>\n\t\t\t\t<div class=\"elementor-column elementor-col-66 elementor-top-column elementor-element elementor-element-1138875\" data-id=\"1138875\" data-element_type=\"column\" data-e-type=\"column\">\n\t\t\t<div class=\"elementor-widget-wrap elementor-element-populated\">\n\t\t\t\t\t\t<div class=\"elementor-element elementor-element-0a88556 elementor-widget elementor-widget-text-editor\" data-id=\"0a88556\" data-element_type=\"widget\" data-e-type=\"widget\" data-widget_type=\"text-editor.default\">\n\t\t\t\t<div class=\"elementor-widget-container\">\n\t\t\t\t\t\t\t\t\t<p><span style=\"color: #2d0f74; font-family: 'Open Sans'; font-size: 24px;\">Fazy wzrostu w\u0142osa<\/span><\/p><p>W\u0142osy na ca\u0142ym ciele przechodz\u0105 przez trzy fazy wzrostu \u2013 <b>wzrostow\u0105<\/b>, przej\u015bciow\u0105 i spoczynkow\u0105. Laser LightSheer Duet s\u0142u\u017cy do usuwania w\u0142os\u00f3w znajduj\u0105cych si\u0119 w fazie <b>wzrostowej<\/b>. Zabiegi wykonywane s\u0105 w kilku seriach z uwagi na to, \u017ce w\u0142osy nie rosn\u0105 r\u00f3wno i jednocze\u015bnie.<\/p><p>Liczba zabieg\u00f3w dla uzyskania trwa\u0142ego i znacz\u0105cego efektu jest ustalana indywidualnie w zale\u017cno\u015bci od pacjenta i miejsca zabiegu. U niekt\u00f3rych klient\u00f3w w wyniku dzia\u0142ania hormon\u00f3w, przyjmowania niekt\u00f3rych suplement\u00f3w lub lek\u00f3w mog\u0105 powsta\u0107 nowe w\u0142osy, kt\u00f3re nale\u017cy dostrzela\u0107 podczas zabiegu przypominaj\u0105cego.<\/p><p>UWAGA: Je\u017celi korzysta\u0142a\u015b z innego systemu do depilacji np. IPL, powiadom o tym swojego kosmetologa poniewa\u017c mo\u017ce mie\u0107 to wp\u0142yw na skuteczno\u015b\u0107 i ilo\u015b\u0107 zabieg\u00f3w.<\/p>\t\t\t\t\t\t\t\t<\/div>\n\t\t\t\t<\/div>\n\t\t\t\t\t<\/div>\n\t\t<\/div>\n\t\t\t\t\t<\/div>\n\t\t<\/section>\n\t\t\t\t<\/div>","protected":false},"excerpt":{"rendered":"<p>Jak dzia\u0142a laser LightSheer DUET? LightSheer Duet jest laserem diodowym, kt\u00f3ry posiada dwie g\u0142owice do depilacji: Pierwsza z g\u0142owic, posiada terapeutyczne okienko wykonane z syntetycznego szafiru. Dostarcza ono trzy energetyczne impulsy na sekund\u0119 o g\u0119sto\u015bci energii nawet do 100 J\/cm2. Zagro\u017cenie oparze\u0144 wyeliminowane jest poprzez zastosowanie ch\u0142odzonej ko\u0144c\u00f3wki szafirowej.Druga g\u0142owica \u0142\u0105czy w sobie bardzo du\u017c\u0105 [&hellip;]<\/p>\n","protected":false},"author":1,"featured_media":0,"parent":0,"menu_order":0,"comment_status":"closed","ping_status":"closed","template":"","meta":{"_acf_changed":false,"footnotes":""},"class_list":["post-624","page","type-page","status-publish","hentry"],"acf":[],"_links":{"self":[{"href":"https:\/\/www.depiclinic.pl\/en\/wp-json\/wp\/v2\/pages\/624","targetHints":{"allow":["GET"]}}],"collection":[{"href":"https:\/\/www.depiclinic.pl\/en\/wp-json\/wp\/v2\/pages"}],"about":[{"href":"https:\/\/www.depiclinic.pl\/en\/wp-json\/wp\/v2\/types\/page"}],"author":[{"embeddable":true,"href":"https:\/\/www.depiclinic.pl\/en\/wp-json\/wp\/v2\/users\/1"}],"replies":[{"embeddable":true,"href":"https:\/\/www.depiclinic.pl\/en\/wp-json\/wp\/v2\/comments?post=624"}],"version-history":[{"count":33,"href":"https:\/\/www.depiclinic.pl\/en\/wp-json\/wp\/v2\/pages\/624\/revisions"}],"predecessor-version":[{"id":2550,"href":"https:\/\/www.depiclinic.pl\/en\/wp-json\/wp\/v2\/pages\/624\/revisions\/2550"}],"wp:attachment":[{"href":"https:\/\/www.depiclinic.pl\/en\/wp-json\/wp\/v2\/media?parent=624"}],"curies":[{"name":"wp","href":"https:\/\/api.w.org\/{rel}","templated":true}]}}