{"id":705,"date":"2023-05-10T20:26:38","date_gmt":"2023-05-10T18:26:38","guid":{"rendered":"https:\/\/depiclinic.pl\/?page_id=705"},"modified":"2024-06-20T11:40:02","modified_gmt":"2024-06-20T09:40:02","slug":"darmowe-zabiegi","status":"publish","type":"page","link":"https:\/\/www.depiclinic.pl\/en\/promocje\/darmowe-zabiegi\/","title":{"rendered":"Darmowe zabiegi"},"content":{"rendered":"<div data-elementor-type=\"wp-page\" data-elementor-id=\"705\" class=\"elementor elementor-705\" data-elementor-post-type=\"page\">\n\t\t\t\t\t\t<section class=\"elementor-section elementor-top-section elementor-element elementor-element-2ed91e1 elementor-section-stretched elementor-section-boxed elementor-section-height-default elementor-section-height-default\" data-id=\"2ed91e1\" data-element_type=\"section\" data-e-type=\"section\" data-settings=\"{&quot;stretch_section&quot;:&quot;section-stretched&quot;,&quot;jet_parallax_layout_list&quot;:[],&quot;background_background&quot;:&quot;classic&quot;}\">\n\t\t\t\t\t\t<div class=\"elementor-container elementor-column-gap-default\">\n\t\t\t\t\t<div class=\"elementor-column elementor-col-50 elementor-top-column elementor-element elementor-element-da8f0bc\" data-id=\"da8f0bc\" data-element_type=\"column\" data-e-type=\"column\" data-settings=\"{&quot;background_background&quot;:&quot;classic&quot;}\">\n\t\t\t<div class=\"elementor-widget-wrap\">\n\t\t\t\t\t\t\t<\/div>\n\t\t<\/div>\n\t\t\t\t<div class=\"elementor-column elementor-col-50 elementor-top-column elementor-element elementor-element-ebfafa2\" data-id=\"ebfafa2\" data-element_type=\"column\" data-e-type=\"column\">\n\t\t\t<div class=\"elementor-widget-wrap elementor-element-populated\">\n\t\t\t\t\t\t<div class=\"elementor-element elementor-element-629e0c8 elementor-widget elementor-widget-heading\" data-id=\"629e0c8\" data-element_type=\"widget\" data-e-type=\"widget\" data-widget_type=\"heading.default\">\n\t\t\t\t<div class=\"elementor-widget-container\">\n\t\t\t\t\t<h2 class=\"elementor-heading-title elementor-size-default\">Pole\u0107 Nas swoim znajomym!<\/h2>\t\t\t\t<\/div>\n\t\t\t\t<\/div>\n\t\t\t\t<div class=\"elementor-element elementor-element-cfff700 elementor-widget__width-initial elementor-widget elementor-widget-text-editor\" data-id=\"cfff700\" data-element_type=\"widget\" data-e-type=\"widget\" data-widget_type=\"text-editor.default\">\n\t\t\t\t<div class=\"elementor-widget-container\">\n\t\t\t\t\t\t\t\t\t<h3>W zamian otrzymasz 1 zabieg gratis!<\/h3>\n<p>Zach\u0119\u0107 swoich znajomych do skorzystania z zabieg\u00f3w w salonie Depiclinic!<\/p>\n<ol>\n<li><span style=\"color: var( --e-global-color-text ); font-family: var( --e-global-typography-text-font-family ), Sans-serif; font-weight: var( --e-global-typography-text-font-weight );\">Za ka\u017cdego <strong>1 znajomego <\/strong>(musi to by\u0107 nowy klient dla Depiclinic), kt\u00f3ry wykona przynajmniej jeden z oferowanych zabieg\u00f3w, Ty otrzymasz 1 zabieg na ma\u0142\u0105 cz\u0119\u015b\u0107 cia\u0142a GRATIS<\/span><\/li>\n<li><span style=\"color: var( --e-global-color-text ); font-family: var( --e-global-typography-text-font-family ), Sans-serif; font-weight: var( --e-global-typography-text-font-weight );\">lub za <strong>2 znajomych <\/strong>(musz\u0105 to by\u0107 nowi klienci dla Depiclinic), kt\u00f3rzy wykonaj\u0105 przynajmniej jeden z oferowanych zabieg\u00f3w, Ty <strong>otrzymasz 1 DOWOLNY<\/strong> zabieg na <u>dowoln\u0105<\/u> pojedyncz\u0105 parti\u0119 cia\u0142a GRATIS (np. bikini brazylijskie lub \u0142ydki lub pachy)!<\/span><\/li>\n<\/ol>\n<p>Promocja nie dzia\u0142a wstecz, mo\u017cesz poleci\u0107 jedynie nowych Klient\u00f3w dla Depiclinic. Liczba znajomych kt\u00f3rych mo\u017cesz poleci\u0107 jest nieograniczona i za ka\u017cdych kolejnych znajomych otrzymasz kolejny 1 zabieg na pojedyncz\u0105 parti\u0119 cia\u0142a Gratis \u2013 to znaczy je\u017celi np. 6 Twoich znajomych skorzysta z zabieg\u00f3w w naszym gabinecie to Ty otrzymasz np. 3 zabiegi na bikini brazylijskie o warto\u015bci ponad 1000 z\u0142,&nbsp;<b>GRATIS!<\/b><\/p><p><b>Informacj\u0119 o Twoim Poleceniu musimy otrzyma\u0107 od Twojego znajomego, kt\u00f3ry przyszed\u0142 na pierwszy zabieg do Depiclinic!<\/b><\/p><p><b>ZAPRASZAMY!<\/b><\/p>\t\t\t\t\t\t\t\t<\/div>\n\t\t\t\t<\/div>\n\t\t\t\t\t<\/div>\n\t\t<\/div>\n\t\t\t\t\t<\/div>\n\t\t<\/section>\n\t\t\t\t<section class=\"elementor-section elementor-top-section elementor-element elementor-element-3869b1e6 elementor-section-stretched elementor-section-boxed elementor-section-height-default elementor-section-height-default\" data-id=\"3869b1e6\" data-element_type=\"section\" data-e-type=\"section\" data-settings=\"{&quot;jet_parallax_layout_list&quot;:[],&quot;background_background&quot;:&quot;classic&quot;,&quot;stretch_section&quot;:&quot;section-stretched&quot;}\">\n\t\t\t\t\t\t<div class=\"elementor-container elementor-column-gap-default\">\n\t\t\t\t\t<div class=\"elementor-column elementor-col-33 elementor-top-column elementor-element elementor-element-6ea034a7\" data-id=\"6ea034a7\" data-element_type=\"column\" data-e-type=\"column\">\n\t\t\t<div class=\"elementor-widget-wrap elementor-element-populated\">\n\t\t\t\t\t\t<div class=\"elementor-element elementor-element-4b50251f elementor-widget elementor-widget-google_maps\" data-id=\"4b50251f\" data-element_type=\"widget\" data-e-type=\"widget\" data-widget_type=\"google_maps.default\">\n\t\t\t\t<div class=\"elementor-widget-container\">\n\t\t\t\t\t\t\t<div class=\"elementor-custom-embed\">\n\t\t\t<iframe loading=\"lazy\"\n\t\t\t\t\tsrc=\"https:\/\/maps.google.com\/maps?q=Depiclinic%2C%20al.%20Jana%20Paw%C5%82a%2080%2F19&#038;t=m&#038;z=15&#038;output=embed&#038;iwloc=near\"\n\t\t\t\t\ttitle=\"Depiclinic, al. Jana Paw\u0142a 80\/19\"\n\t\t\t\t\taria-label=\"Depiclinic, al. Jana Paw\u0142a 80\/19\"\n\t\t\t><\/iframe>\n\t\t<\/div>\n\t\t\t\t\t\t<\/div>\n\t\t\t\t<\/div>\n\t\t\t\t<div class=\"elementor-element elementor-element-5eb3d549 elementor-cta--skin-classic elementor-animated-content elementor-bg-transform elementor-bg-transform-zoom-in elementor-widget elementor-widget-call-to-action\" data-id=\"5eb3d549\" data-element_type=\"widget\" data-e-type=\"widget\" data-widget_type=\"call-to-action.default\">\n\t\t\t\t<div class=\"elementor-widget-container\">\n\t\t\t\t\t\t\t<a class=\"elementor-cta\" href=\"https:\/\/booksy.com\/pl-pl\/98190_depiclinic_depilacja_3_warszawa\" target=\"_blank\">\n\t\t\t\t\t\t\t<div class=\"elementor-cta__content\">\n\t\t\t\t\n\t\t\t\t\t\t\t\t\t<h2 class=\"elementor-cta__title elementor-cta__content-item elementor-content-item\">\n\t\t\t\t\t\tAl. Jana Paw\u0142a II 80\/19<br>Warszawa - \u015ar\u00f3dmie\u015bcie\t\t\t\t\t<\/h2>\n\t\t\t\t\n\t\t\t\t\t\t\t\t\t<div class=\"elementor-cta__description elementor-cta__content-item elementor-content-item\">\n\t\t\t\t\t\tGabinet znajduje si\u0119 obok CH Westfield Mokot\u00f3w w budynku Mokot\u00f3w Box\t\t\t\t\t<\/div>\n\t\t\t\t\n\t\t\t\t\t\t\t\t\t<div class=\"elementor-cta__button-wrapper elementor-cta__content-item elementor-content-item\">\n\t\t\t\t\t<span class=\"elementor-cta__button elementor-button elementor-size-\">\n\t\t\t\t\t\tUm\u00f3w Wizyt\u0119\t\t\t\t\t<\/span>\n\t\t\t\t\t<\/div>\n\t\t\t\t\t\t\t<\/div>\n\t\t\t\t\t\t\t<div class=\"elementor-ribbon\">\n\t\t\t\t<div class=\"elementor-ribbon-inner\">\n\t\t\t\t\tbooksy\t\t\t\t<\/div>\n\t\t\t<\/div>\n\t\t\t\t<\/a>\n\t\t\t\t\t\t<\/div>\n\t\t\t\t<\/div>\n\t\t\t\t\t<\/div>\n\t\t<\/div>\n\t\t\t\t<div class=\"elementor-column elementor-col-33 elementor-top-column elementor-element elementor-element-706fbb61\" data-id=\"706fbb61\" data-element_type=\"column\" data-e-type=\"column\">\n\t\t\t<div class=\"elementor-widget-wrap elementor-element-populated\">\n\t\t\t\t\t\t<div class=\"elementor-element elementor-element-279a1dfa elementor-invisible elementor-widget elementor-widget-image\" data-id=\"279a1dfa\" data-element_type=\"widget\" data-e-type=\"widget\" data-settings=\"{&quot;_animation&quot;:&quot;pulse&quot;}\" data-widget_type=\"image.default\">\n\t\t\t\t<div class=\"elementor-widget-container\">\n\t\t\t\t\t\t\t\t\t\t\t\t\t\t\t<img fetchpriority=\"high\" decoding=\"async\" width=\"300\" height=\"182\" src=\"https:\/\/www.depiclinic.pl\/wp-content\/uploads\/2023\/05\/Booksy_white-300x182.png\" class=\"attachment-medium size-medium wp-image-1098\" alt=\"\" srcset=\"https:\/\/www.depiclinic.pl\/wp-content\/uploads\/2023\/05\/Booksy_white-300x182.png 300w, https:\/\/www.depiclinic.pl\/wp-content\/uploads\/2023\/05\/Booksy_white-1024x621.png 1024w, https:\/\/www.depiclinic.pl\/wp-content\/uploads\/2023\/05\/Booksy_white-768x466.png 768w, https:\/\/www.depiclinic.pl\/wp-content\/uploads\/2023\/05\/Booksy_white-1536x931.png 1536w, https:\/\/www.depiclinic.pl\/wp-content\/uploads\/2023\/05\/Booksy_white-2048x1242.png 2048w, https:\/\/www.depiclinic.pl\/wp-content\/uploads\/2023\/05\/Booksy_white-18x12.png 18w, https:\/\/www.depiclinic.pl\/wp-content\/uploads\/2023\/05\/Booksy_white-600x364.png 600w\" sizes=\"(max-width: 300px) 100vw, 300px\" \/>\t\t\t\t\t\t\t\t\t\t\t\t\t\t\t<\/div>\n\t\t\t\t<\/div>\n\t\t\t\t<div class=\"elementor-element elementor-element-576ca5b7 elementor-widget elementor-widget-heading\" data-id=\"576ca5b7\" data-element_type=\"widget\" data-e-type=\"widget\" data-widget_type=\"heading.default\">\n\t\t\t\t<div class=\"elementor-widget-container\">\n\t\t\t\t\t<h3 class=\"elementor-heading-title elementor-size-default\">Um\u00f3w si\u0119 na wizyt\u0119 do jednego z naszych gabinet\u00f3w.<\/h3>\t\t\t\t<\/div>\n\t\t\t\t<\/div>\n\t\t\t\t<section class=\"elementor-section elementor-inner-section elementor-element elementor-element-79b03acc elementor-section-boxed elementor-section-height-default elementor-section-height-default\" data-id=\"79b03acc\" data-element_type=\"section\" data-e-type=\"section\" data-settings=\"{&quot;jet_parallax_layout_list&quot;:[]}\">\n\t\t\t\t\t\t<div class=\"elementor-container elementor-column-gap-default\">\n\t\t\t\t\t<div class=\"elementor-column elementor-col-33 elementor-inner-column elementor-element elementor-element-3762762c\" data-id=\"3762762c\" data-element_type=\"column\" data-e-type=\"column\">\n\t\t\t<div class=\"elementor-widget-wrap elementor-element-populated\">\n\t\t\t\t\t\t<div class=\"elementor-element elementor-element-8df4b01 elementor-view-default elementor-widget elementor-widget-icon\" data-id=\"8df4b01\" data-element_type=\"widget\" data-e-type=\"widget\" data-widget_type=\"icon.default\">\n\t\t\t\t<div class=\"elementor-widget-container\">\n\t\t\t\t\t\t\t<div class=\"elementor-icon-wrapper\">\n\t\t\t<a class=\"elementor-icon\" href=\"https:\/\/booksy.com\/pl-pl\/98190_depiclinic_depilacja_3_warszawa\" target=\"_blank\">\n\t\t\t<i aria-hidden=\"true\" class=\"far fa-arrow-alt-circle-left\"><\/i>\t\t\t<\/a>\n\t\t<\/div>\n\t\t\t\t\t\t<\/div>\n\t\t\t\t<\/div>\n\t\t\t\t\t<\/div>\n\t\t<\/div>\n\t\t\t\t<div class=\"elementor-column elementor-col-33 elementor-inner-column elementor-element elementor-element-75e2a59d\" data-id=\"75e2a59d\" data-element_type=\"column\" data-e-type=\"column\">\n\t\t\t<div class=\"elementor-widget-wrap elementor-element-populated\">\n\t\t\t\t\t\t<div class=\"elementor-element elementor-element-5ed93e34 elementor-widget__width-initial elementor-widget elementor-widget-heading\" data-id=\"5ed93e34\" data-element_type=\"widget\" data-e-type=\"widget\" data-widget_type=\"heading.default\">\n\t\t\t\t<div class=\"elementor-widget-container\">\n\t\t\t\t\t<h4 class=\"elementor-heading-title elementor-size-default\">KLIKNIJ<br>Um\u00f3w Si\u0119 na Wizt\u0119<\/h4>\t\t\t\t<\/div>\n\t\t\t\t<\/div>\n\t\t\t\t\t<\/div>\n\t\t<\/div>\n\t\t\t\t<div class=\"elementor-column elementor-col-33 elementor-inner-column elementor-element elementor-element-cde33b1\" data-id=\"cde33b1\" data-element_type=\"column\" data-e-type=\"column\">\n\t\t\t<div class=\"elementor-widget-wrap elementor-element-populated\">\n\t\t\t\t\t\t<div class=\"elementor-element elementor-element-539fde8b elementor-view-default elementor-widget elementor-widget-icon\" data-id=\"539fde8b\" data-element_type=\"widget\" data-e-type=\"widget\" data-widget_type=\"icon.default\">\n\t\t\t\t<div class=\"elementor-widget-container\">\n\t\t\t\t\t\t\t<div class=\"elementor-icon-wrapper\">\n\t\t\t<a class=\"elementor-icon\" href=\"https:\/\/booksy.com\/pl-pl\/98782_depiclinic-ul-woloska-16_depilacja_3_warszawa\" target=\"_blank\">\n\t\t\t<i aria-hidden=\"true\" class=\"far fa-arrow-alt-circle-right\"><\/i>\t\t\t<\/a>\n\t\t<\/div>\n\t\t\t\t\t\t<\/div>\n\t\t\t\t<\/div>\n\t\t\t\t\t<\/div>\n\t\t<\/div>\n\t\t\t\t\t<\/div>\n\t\t<\/section>\n\t\t\t\t\t<\/div>\n\t\t<\/div>\n\t\t\t\t<div class=\"elementor-column elementor-col-33 elementor-top-column elementor-element elementor-element-8609991\" data-id=\"8609991\" data-element_type=\"column\" data-e-type=\"column\">\n\t\t\t<div class=\"elementor-widget-wrap elementor-element-populated\">\n\t\t\t\t\t\t<div class=\"elementor-element elementor-element-4400299b elementor-widget elementor-widget-google_maps\" data-id=\"4400299b\" data-element_type=\"widget\" data-e-type=\"widget\" data-widget_type=\"google_maps.default\">\n\t\t\t\t<div class=\"elementor-widget-container\">\n\t\t\t\t\t\t\t<div class=\"elementor-custom-embed\">\n\t\t\t<iframe loading=\"lazy\"\n\t\t\t\t\tsrc=\"https:\/\/maps.google.com\/maps?q=Depiclinic%2C%20Wo%C5%82oska%2016&#038;t=m&#038;z=15&#038;output=embed&#038;iwloc=near\"\n\t\t\t\t\ttitle=\"Depiclinic, Wo\u0142oska 16\"\n\t\t\t\t\taria-label=\"Depiclinic, Wo\u0142oska 16\"\n\t\t\t><\/iframe>\n\t\t<\/div>\n\t\t\t\t\t\t<\/div>\n\t\t\t\t<\/div>\n\t\t\t\t<div class=\"elementor-element elementor-element-386264f6 elementor-cta--skin-classic elementor-animated-content elementor-bg-transform elementor-bg-transform-zoom-in elementor-widget elementor-widget-call-to-action\" data-id=\"386264f6\" data-element_type=\"widget\" data-e-type=\"widget\" data-widget_type=\"call-to-action.default\">\n\t\t\t\t<div class=\"elementor-widget-container\">\n\t\t\t\t\t\t\t<a class=\"elementor-cta\" href=\"https:\/\/booksy.com\/pl-pl\/98782_depiclinic-ul-woloska-16_depilacja_3_warszawa\" target=\"_blank\">\n\t\t\t\t\t\t\t<div class=\"elementor-cta__content\">\n\t\t\t\t\n\t\t\t\t\t\t\t\t\t<h2 class=\"elementor-cta__title elementor-cta__content-item elementor-content-item\">\n\t\t\t\t\t\tWo\u0142oska 16<br>Warszawa - Mokot\u00f3w\t\t\t\t\t<\/h2>\n\t\t\t\t\n\t\t\t\t\t\t\t\t\t<div class=\"elementor-cta__description elementor-cta__content-item elementor-content-item\">\n\t\t\t\t\t\tGabinet znajduje si\u0119 obok CH Westfield Mokot\u00f3w w budynku Mokot\u00f3w Box\t\t\t\t\t<\/div>\n\t\t\t\t\n\t\t\t\t\t\t\t\t\t<div class=\"elementor-cta__button-wrapper elementor-cta__content-item elementor-content-item\">\n\t\t\t\t\t<span class=\"elementor-cta__button elementor-button elementor-size-\">\n\t\t\t\t\t\tUm\u00f3w Wizyt\u0119\t\t\t\t\t<\/span>\n\t\t\t\t\t<\/div>\n\t\t\t\t\t\t\t<\/div>\n\t\t\t\t\t\t\t<div class=\"elementor-ribbon\">\n\t\t\t\t<div class=\"elementor-ribbon-inner\">\n\t\t\t\t\tbooksy\t\t\t\t<\/div>\n\t\t\t<\/div>\n\t\t\t\t<\/a>\n\t\t\t\t\t\t<\/div>\n\t\t\t\t<\/div>\n\t\t\t\t\t<\/div>\n\t\t<\/div>\n\t\t\t\t\t<\/div>\n\t\t<\/section>\n\t\t\t\t<\/div>","protected":false},"excerpt":{"rendered":"<p>Pole\u0107 Nas swoim znajomym! W zamian otrzymasz 1 zabieg gratis! Zach\u0119\u0107 swoich znajomych do skorzystania z zabieg\u00f3w w salonie Depiclinic! Za ka\u017cdego 1 znajomego (musi to by\u0107 nowy klient dla Depiclinic), kt\u00f3ry wykona przynajmniej jeden z oferowanych zabieg\u00f3w, Ty otrzymasz 1 zabieg na ma\u0142\u0105 cz\u0119\u015b\u0107 cia\u0142a GRATIS lub za 2 znajomych (musz\u0105 to by\u0107 nowi [&hellip;]<\/p>\n","protected":false},"author":1,"featured_media":0,"parent":676,"menu_order":0,"comment_status":"closed","ping_status":"closed","template":"","meta":{"_acf_changed":false,"footnotes":""},"class_list":["post-705","page","type-page","status-publish","hentry"],"acf":[],"_links":{"self":[{"href":"https:\/\/www.depiclinic.pl\/en\/wp-json\/wp\/v2\/pages\/705","targetHints":{"allow":["GET"]}}],"collection":[{"href":"https:\/\/www.depiclinic.pl\/en\/wp-json\/wp\/v2\/pages"}],"about":[{"href":"https:\/\/www.depiclinic.pl\/en\/wp-json\/wp\/v2\/types\/page"}],"author":[{"embeddable":true,"href":"https:\/\/www.depiclinic.pl\/en\/wp-json\/wp\/v2\/users\/1"}],"replies":[{"embeddable":true,"href":"https:\/\/www.depiclinic.pl\/en\/wp-json\/wp\/v2\/comments?post=705"}],"version-history":[{"count":11,"href":"https:\/\/www.depiclinic.pl\/en\/wp-json\/wp\/v2\/pages\/705\/revisions"}],"predecessor-version":[{"id":1884,"href":"https:\/\/www.depiclinic.pl\/en\/wp-json\/wp\/v2\/pages\/705\/revisions\/1884"}],"up":[{"embeddable":true,"href":"https:\/\/www.depiclinic.pl\/en\/wp-json\/wp\/v2\/pages\/676"}],"wp:attachment":[{"href":"https:\/\/www.depiclinic.pl\/en\/wp-json\/wp\/v2\/media?parent=705"}],"curies":[{"name":"wp","href":"https:\/\/api.w.org\/{rel}","templated":true}]}}