{"id":780,"date":"2023-05-11T00:12:00","date_gmt":"2023-05-10T22:12:00","guid":{"rendered":"https:\/\/depiclinic.pl\/?page_id=780"},"modified":"2025-03-30T22:48:23","modified_gmt":"2025-03-30T20:48:23","slug":"sklep","status":"publish","type":"page","link":"https:\/\/www.depiclinic.pl\/en\/sklep\/","title":{"rendered":"Sklep"},"content":{"rendered":"\t\t<div data-elementor-type=\"wp-page\" data-elementor-id=\"780\" class=\"elementor elementor-780\" data-elementor-post-type=\"page\">\n\t\t\t\t\t\t<section class=\"elementor-section elementor-top-section elementor-element elementor-element-1245660 elementor-section-boxed elementor-section-height-default elementor-section-height-default\" data-id=\"1245660\" data-element_type=\"section\" data-e-type=\"section\" data-settings=\"{&quot;jet_parallax_layout_list&quot;:[]}\">\n\t\t\t\t\t\t<div class=\"elementor-container elementor-column-gap-default\">\n\t\t\t\t\t<div class=\"elementor-column elementor-col-100 elementor-top-column elementor-element elementor-element-4996519\" data-id=\"4996519\" data-element_type=\"column\" data-e-type=\"column\">\n\t\t\t<div class=\"elementor-widget-wrap elementor-element-populated\">\n\t\t\t\t\t\t<div class=\"elementor-element elementor-element-b01efa6 elementor-widget elementor-widget-heading\" data-id=\"b01efa6\" data-element_type=\"widget\" data-e-type=\"widget\" data-widget_type=\"heading.default\">\n\t\t\t\t<div class=\"elementor-widget-container\">\n\t\t\t\t\t<h3 class=\"elementor-heading-title elementor-size-default\">Kaucja - Depilacja Laserowa LightSheer Duet<\/h3>\t\t\t\t<\/div>\n\t\t\t\t<\/div>\n\t\t\t\t\t<\/div>\n\t\t<\/div>\n\t\t\t\t\t<\/div>\n\t\t<\/section>\n\t\t\t\t<section class=\"elementor-section elementor-top-section elementor-element elementor-element-4313202 elementor-section-boxed elementor-section-height-default elementor-section-height-default\" data-id=\"4313202\" data-element_type=\"section\" data-e-type=\"section\" data-settings=\"{&quot;jet_parallax_layout_list&quot;:[]}\">\n\t\t\t\t\t\t<div class=\"elementor-container elementor-column-gap-default\">\n\t\t\t\t\t<div class=\"elementor-column elementor-col-100 elementor-top-column elementor-element elementor-element-4f066ff\" data-id=\"4f066ff\" data-element_type=\"column\" data-e-type=\"column\">\n\t\t\t<div class=\"elementor-widget-wrap elementor-element-populated\">\n\t\t\t\t\t\t<div class=\"elementor-element elementor-element-010ec99 elementor-widget elementor-widget-raven-wc-products\" data-id=\"010ec99\" data-element_type=\"widget\" data-e-type=\"widget\" data-settings=\"{&quot;query_orderby&quot;:&quot;price&quot;,&quot;query_order&quot;:&quot;ASC&quot;,&quot;columns&quot;:&quot;4&quot;,&quot;layout&quot;:&quot;default&quot;,&quot;rows&quot;:&quot;3&quot;}\" data-widget_type=\"raven-wc-products.default\">\n\t\t\t\t<div class=\"elementor-widget-container\">\n\t\t\t\t\t\t\t<div\n\t\t\tclass=\"raven-wc-products-wrapper raven-wc-products-default\"\n\t\t\tdata-settings=\"{&quot;layout&quot;:&quot;default&quot;,&quot;total_pages&quot;:1,&quot;image_size&quot;:&quot;woocommerce_thumbnail&quot;,&quot;atc_button&quot;:&quot;&quot;}\"\n\t\t\tdata-query=\"{&quot;\\u0000*\\u0000type&quot;:&quot;products&quot;,&quot;\\u0000*\\u0000attributes&quot;:{&quot;limit&quot;:12,&quot;columns&quot;:&quot;4&quot;,&quot;rows&quot;:&quot;3&quot;,&quot;orderby&quot;:&quot;price&quot;,&quot;order&quot;:&quot;ASC&quot;,&quot;ids&quot;:&quot;&quot;,&quot;skus&quot;:&quot;&quot;,&quot;category&quot;:&quot;&quot;,&quot;cat_operator&quot;:&quot;IN&quot;,&quot;attribute&quot;:&quot;&quot;,&quot;terms&quot;:&quot;&quot;,&quot;terms_operator&quot;:&quot;IN&quot;,&quot;tag&quot;:&quot;&quot;,&quot;tag_operator&quot;:&quot;IN&quot;,&quot;visibility&quot;:&quot;visible&quot;,&quot;class&quot;:&quot;&quot;,&quot;page&quot;:1,&quot;paginate&quot;:false,&quot;cache&quot;:true,&quot;brand&quot;:&quot;&quot;,&quot;brand_operator&quot;:&quot;IN&quot;},&quot;\\u0000*\\u0000query_args&quot;:{&quot;post_type&quot;:&quot;product&quot;,&quot;post_status&quot;:&quot;publish&quot;,&quot;ignore_sticky_posts&quot;:true,&quot;no_found_rows&quot;:true,&quot;orderby&quot;:&quot;price&quot;,&quot;order&quot;:&quot;ASC&quot;,&quot;posts_per_page&quot;:12,&quot;meta_query&quot;:[],&quot;tax_query&quot;:[{&quot;taxonomy&quot;:&quot;product_visibility&quot;,&quot;field&quot;:&quot;term_taxonomy_id&quot;,&quot;terms&quot;:[15],&quot;operator&quot;:&quot;NOT IN&quot;}],&quot;post__in&quot;:[&quot;2247&quot;,&quot;2249&quot;,&quot;2252&quot;,&quot;2251&quot;,&quot;2250&quot;],&quot;fields&quot;:&quot;ids&quot;},&quot;\\u0000*\\u0000custom_visibility&quot;:false,&quot;fallback_filter&quot;:null,&quot;context_id&quot;:&quot;ctx_0&quot;}\"\n\t\t\t\t\t>\n\t\t\t<h2 class=\"raven-wc-products-title\"><\/h2><div class=\"woocommerce columns-4 \"><ul class=\"products columns-4\">\n<li class=\"product type-product post-2247 status-publish first instock has-post-thumbnail purchasable product-type-simple\">\n\t<a href=\"https:\/\/www.depiclinic.pl\/en\/sklep\/depilacja-laserowa-lightsheer-duet-kaucja-1-partia-ciala\/\" class=\"woocommerce-LoopProduct-link woocommerce-loop-product__link\"><\/a><a href=\"\/en\/wp-json\/wp\/v2\/pages\/780?add-to-cart=2247\" aria-describedby=\"woocommerce_loop_add_to_cart_link_describedby_2247\" data-quantity=\"1\" class=\"button product_type_simple add_to_cart_button ajax_add_to_cart\" data-product_id=\"2247\" data-product_sku=\"\" aria-label=\"Add to basket: &ldquo;Depilacja Laserowa LightSheer Duet - Kaucja 1 partia cia\u0142a&rdquo;\" rel=\"nofollow\" data-success_message=\"&ldquo;Depilacja Laserowa LightSheer Duet - Kaucja 1 partia cia\u0142a&rdquo; has been added to your cart\">Add to basket<\/a>\t<span id=\"woocommerce_loop_add_to_cart_link_describedby_2247\" class=\"screen-reader-text\">\n\t\t\t<\/span>\n<\/li>\n<li class=\"product type-product post-2249 status-publish instock has-post-thumbnail purchasable product-type-simple\">\n\t<a href=\"https:\/\/www.depiclinic.pl\/en\/sklep\/depilacja-laserowa-lightsheer-duet-kaucja-2-partie-ciala\/\" class=\"woocommerce-LoopProduct-link woocommerce-loop-product__link\"><\/a><a href=\"\/en\/wp-json\/wp\/v2\/pages\/780?add-to-cart=2249\" aria-describedby=\"woocommerce_loop_add_to_cart_link_describedby_2249\" data-quantity=\"1\" class=\"button product_type_simple add_to_cart_button ajax_add_to_cart\" data-product_id=\"2249\" data-product_sku=\"\" aria-label=\"Add to basket: &ldquo;Depilacja Laserowa LightSheer Duet - Kaucja 2 partie cia\u0142a&rdquo;\" rel=\"nofollow\" data-success_message=\"&ldquo;Depilacja Laserowa LightSheer Duet - Kaucja 2 partie cia\u0142a&rdquo; has been added to your cart\">Add to basket<\/a>\t<span id=\"woocommerce_loop_add_to_cart_link_describedby_2249\" class=\"screen-reader-text\">\n\t\t\t<\/span>\n<\/li>\n<li class=\"product type-product post-2250 status-publish instock has-post-thumbnail purchasable product-type-simple\">\n\t<a href=\"https:\/\/www.depiclinic.pl\/en\/sklep\/depilacja-laserowa-lightsheer-duet-kaucja-3-partie-ciala\/\" class=\"woocommerce-LoopProduct-link woocommerce-loop-product__link\"><\/a><a href=\"\/en\/wp-json\/wp\/v2\/pages\/780?add-to-cart=2250\" aria-describedby=\"woocommerce_loop_add_to_cart_link_describedby_2250\" data-quantity=\"1\" class=\"button product_type_simple add_to_cart_button ajax_add_to_cart\" data-product_id=\"2250\" data-product_sku=\"\" aria-label=\"Add to basket: &ldquo;Depilacja Laserowa LightSheer Duet - Kaucja 3 partie cia\u0142a&rdquo;\" rel=\"nofollow\" data-success_message=\"&ldquo;Depilacja Laserowa LightSheer Duet - Kaucja 3 partie cia\u0142a&rdquo; has been added to your cart\">Add to basket<\/a>\t<span id=\"woocommerce_loop_add_to_cart_link_describedby_2250\" class=\"screen-reader-text\">\n\t\t\t<\/span>\n<\/li>\n<li class=\"product type-product post-2251 status-publish last instock has-post-thumbnail purchasable product-type-simple\">\n\t<a href=\"https:\/\/www.depiclinic.pl\/en\/sklep\/depilacja-laserowa-lightsheer-duet-kaucja-4-partie-ciala\/\" class=\"woocommerce-LoopProduct-link woocommerce-loop-product__link\"><\/a><a href=\"\/en\/wp-json\/wp\/v2\/pages\/780?add-to-cart=2251\" aria-describedby=\"woocommerce_loop_add_to_cart_link_describedby_2251\" data-quantity=\"1\" class=\"button product_type_simple add_to_cart_button ajax_add_to_cart\" data-product_id=\"2251\" data-product_sku=\"\" aria-label=\"Add to basket: &ldquo;Depilacja Laserowa LightSheer Duet - Kaucja 4 partie cia\u0142a&rdquo;\" rel=\"nofollow\" data-success_message=\"&ldquo;Depilacja Laserowa LightSheer Duet - Kaucja 4 partie cia\u0142a&rdquo; has been added to your cart\">Add to basket<\/a>\t<span id=\"woocommerce_loop_add_to_cart_link_describedby_2251\" class=\"screen-reader-text\">\n\t\t\t<\/span>\n<\/li>\n<li class=\"product type-product post-2252 status-publish first instock has-post-thumbnail purchasable product-type-simple\">\n\t<a href=\"https:\/\/www.depiclinic.pl\/en\/sklep\/depilacja-laserowa-lightsheer-duet-kaucja-5-partii-ciala\/\" class=\"woocommerce-LoopProduct-link woocommerce-loop-product__link\"><\/a><a href=\"\/en\/wp-json\/wp\/v2\/pages\/780?add-to-cart=2252\" aria-describedby=\"woocommerce_loop_add_to_cart_link_describedby_2252\" data-quantity=\"1\" class=\"button product_type_simple add_to_cart_button ajax_add_to_cart\" data-product_id=\"2252\" data-product_sku=\"\" aria-label=\"Add to basket: &ldquo;Depilacja Laserowa LightSheer Duet - Kaucja 5 partii cia\u0142a&rdquo;\" rel=\"nofollow\" data-success_message=\"&ldquo;Depilacja Laserowa LightSheer Duet - Kaucja 5 partii cia\u0142a&rdquo; has been added to your cart\">Add to basket<\/a>\t<span id=\"woocommerce_loop_add_to_cart_link_describedby_2252\" class=\"screen-reader-text\">\n\t\t\t<\/span>\n<\/li>\n<\/ul>\n<\/div>\t\t<\/div>\n\t\t\t\t\t\t<\/div>\n\t\t\t\t<\/div>\n\t\t\t\t<div class=\"elementor-element elementor-element-d499682 elementor-widget-divider--view-line elementor-widget elementor-widget-divider\" data-id=\"d499682\" data-element_type=\"widget\" data-e-type=\"widget\" data-widget_type=\"divider.default\">\n\t\t\t\t<div class=\"elementor-widget-container\">\n\t\t\t\t\t\t\t<div class=\"elementor-divider\">\n\t\t\t<span class=\"elementor-divider-separator\">\n\t\t\t\t\t\t<\/span>\n\t\t<\/div>\n\t\t\t\t\t\t<\/div>\n\t\t\t\t<\/div>\n\t\t\t\t\t<\/div>\n\t\t<\/div>\n\t\t\t\t\t<\/div>\n\t\t<\/section>\n\t\t\t\t<section class=\"elementor-section elementor-top-section elementor-element elementor-element-6f53fcf elementor-section-height-min-height elementor-section-stretched elementor-section-items-top elementor-section-boxed elementor-section-height-default\" data-id=\"6f53fcf\" data-element_type=\"section\" data-e-type=\"section\" data-settings=\"{&quot;stretch_section&quot;:&quot;section-stretched&quot;,&quot;jet_parallax_layout_list&quot;:[],&quot;background_background&quot;:&quot;classic&quot;}\">\n\t\t\t\t\t\t<div class=\"elementor-container elementor-column-gap-default\">\n\t\t\t\t\t<div class=\"elementor-column elementor-col-33 elementor-top-column elementor-element elementor-element-5eda224\" data-id=\"5eda224\" data-element_type=\"column\" data-e-type=\"column\">\n\t\t\t<div class=\"elementor-widget-wrap elementor-element-populated\">\n\t\t\t\t\t\t<div class=\"elementor-element elementor-element-8ce8b17 elementor-widget elementor-widget-heading\" data-id=\"8ce8b17\" data-element_type=\"widget\" data-e-type=\"widget\" data-widget_type=\"heading.default\">\n\t\t\t\t<div class=\"elementor-widget-container\">\n\t\t\t\t\t<h1 class=\"elementor-heading-title elementor-size-default\">Depilacja Laserowa<\/h1>\t\t\t\t<\/div>\n\t\t\t\t<\/div>\n\t\t\t\t<div class=\"elementor-element elementor-element-6656016 elementor-headline--style-highlight elementor-widget elementor-widget-animated-headline\" data-id=\"6656016\" data-element_type=\"widget\" data-e-type=\"widget\" data-settings=\"{&quot;marker&quot;:&quot;curly&quot;,&quot;highlighted_text&quot;:&quot;DNI OTWARTE&quot;,&quot;headline_style&quot;:&quot;highlight&quot;,&quot;loop&quot;:&quot;yes&quot;,&quot;highlight_animation_duration&quot;:1200,&quot;highlight_iteration_delay&quot;:8000}\" data-widget_type=\"animated-headline.default\">\n\t\t\t\t<div class=\"elementor-widget-container\">\n\t\t\t\t\t\t\t<h3 class=\"elementor-headline\">\n\t\t\t\t<span class=\"elementor-headline-dynamic-wrapper elementor-headline-text-wrapper\">\n\t\t\t\t\t<span class=\"elementor-headline-dynamic-text elementor-headline-text-active\">DNI OTWARTE<\/span>\n\t\t\t\t<\/span>\n\t\t\t\t<\/h3>\n\t\t\t\t\t\t<\/div>\n\t\t\t\t<\/div>\n\t\t\t\t<div class=\"elementor-element elementor-element-f3a09c3 elementor-widget elementor-widget-heading\" data-id=\"f3a09c3\" data-element_type=\"widget\" data-e-type=\"widget\" data-widget_type=\"heading.default\">\n\t\t\t\t<div class=\"elementor-widget-container\">\n\t\t\t\t\t<div class=\"elementor-heading-title elementor-size-default\">Spiesz si\u0119 oferta ko\u0144czy si\u0119 za:<\/div>\t\t\t\t<\/div>\n\t\t\t\t<\/div>\n\t\t\t\t<div class=\"elementor-element elementor-element-300bc14 elementor-widget elementor-widget-jet-countdown-timer\" data-id=\"300bc14\" data-element_type=\"widget\" data-e-type=\"widget\" data-widget_type=\"jet-countdown-timer.default\">\n\t\t\t\t<div class=\"elementor-widget-container\">\n\t\t\t\t\t<div class=\"elementor-jet-countdown-timer jet-elements\">\n<div class=\"jet-countdown-timer\" data-type=\"due_date\" data-due-date=\"1746050340\" data-expire-actions=\"[&quot;hide&quot;]\">\n\t<div class=\"jet-countdown-timer__item item-days\">\n\t<div class=\"jet-countdown-timer__item-value\" data-value=\"days\"><span class=\"jet-countdown-timer__digit\">0<\/span><span class=\"jet-countdown-timer__digit\">0<\/span><\/div>\n\t<div class=\"jet-countdown-timer__item-label\">Dni<\/div><\/div>\n\t<div class=\"jet-countdown-timer__item item-hours\">\n\t<div class=\"jet-countdown-timer__item-value\" data-value=\"hours\"><span class=\"jet-countdown-timer__digit\">0<\/span><span class=\"jet-countdown-timer__digit\">0<\/span><\/div>\n\t<div class=\"jet-countdown-timer__item-label\">Godziny<\/div><\/div>\n\t<div class=\"jet-countdown-timer__item item-minutes\">\n\t<div class=\"jet-countdown-timer__item-value\" data-value=\"minutes\"><span class=\"jet-countdown-timer__digit\">0<\/span><span class=\"jet-countdown-timer__digit\">0<\/span><\/div>\n\t<div class=\"jet-countdown-timer__item-label\">Minuty<\/div><\/div>\n\t<div class=\"jet-countdown-timer__item item-seconds\">\n\t<div class=\"jet-countdown-timer__item-value\" data-value=\"seconds\"><span class=\"jet-countdown-timer__digit\">0<\/span><span class=\"jet-countdown-timer__digit\">0<\/span><\/div>\n\t<div class=\"jet-countdown-timer__item-label\">Sekundy<\/div><\/div>\n<\/div>\n\n<\/div>\t\t\t\t<\/div>\n\t\t\t\t<\/div>\n\t\t\t\t<div class=\"elementor-element elementor-element-5458632 elementor-widget-divider--view-line elementor-widget elementor-widget-divider\" data-id=\"5458632\" data-element_type=\"widget\" data-e-type=\"widget\" data-widget_type=\"divider.default\">\n\t\t\t\t<div class=\"elementor-widget-container\">\n\t\t\t\t\t\t\t<div class=\"elementor-divider\">\n\t\t\t<span class=\"elementor-divider-separator\">\n\t\t\t\t\t\t<\/span>\n\t\t<\/div>\n\t\t\t\t\t\t<\/div>\n\t\t\t\t<\/div>\n\t\t\t\t<div class=\"elementor-element elementor-element-e4b5dd6 elementor-widget__width-initial elementor-align-center elementor-widget elementor-widget-button\" data-id=\"e4b5dd6\" data-element_type=\"widget\" data-e-type=\"widget\" data-widget_type=\"button.default\">\n\t\t\t\t<div class=\"elementor-widget-container\">\n\t\t\t\t\t\t\t\t\t<div class=\"elementor-button-wrapper\">\n\t\t\t\t\t<a class=\"elementor-button elementor-button-link elementor-size-xl\" href=\"https:\/\/www.depiclinic.pl\/dni-otwarte\/\">\n\t\t\t\t\t\t<span class=\"elementor-button-content-wrapper\">\n\t\t\t\t\t\t<span class=\"elementor-button-icon\">\n\t\t\t\t<i aria-hidden=\"true\" class=\"fas fa-long-arrow-alt-right\"><\/i>\t\t\t<\/span>\n\t\t\t\t\t\t\t\t\t<span class=\"elementor-button-text\">Wi\u0119cej o przecenie<\/span>\n\t\t\t\t\t<\/span>\n\t\t\t\t\t<\/a>\n\t\t\t\t<\/div>\n\t\t\t\t\t\t\t\t<\/div>\n\t\t\t\t<\/div>\n\t\t\t\t\t<\/div>\n\t\t<\/div>\n\t\t\t\t<div class=\"elementor-column elementor-col-33 elementor-top-column elementor-element elementor-element-66423d2\" data-id=\"66423d2\" data-element_type=\"column\" data-e-type=\"column\">\n\t\t\t<div class=\"elementor-widget-wrap\">\n\t\t\t\t\t\t\t<\/div>\n\t\t<\/div>\n\t\t\t\t<div class=\"elementor-column elementor-col-33 elementor-top-column elementor-element elementor-element-13e6a68 elementor-hidden-mobile\" data-id=\"13e6a68\" data-element_type=\"column\" data-e-type=\"column\">\n\t\t\t<div class=\"elementor-widget-wrap elementor-element-populated\">\n\t\t\t\t\t\t<div class=\"elementor-element elementor-element-0f826cf elementor-widget__width-initial elementor-widget elementor-widget-image\" data-id=\"0f826cf\" data-element_type=\"widget\" data-e-type=\"widget\" data-widget_type=\"image.default\">\n\t\t\t\t<div class=\"elementor-widget-container\">\n\t\t\t\t\t\t\t\t\t\t\t\t\t\t\t<img fetchpriority=\"high\" decoding=\"async\" width=\"819\" height=\"1024\" src=\"https:\/\/www.depiclinic.pl\/wp-content\/uploads\/2024\/09\/promocja_DO_bikini_brazalijskie-819x1024.jpg\" class=\"attachment-large size-large wp-image-2101\" alt=\"\" srcset=\"https:\/\/www.depiclinic.pl\/wp-content\/uploads\/2024\/09\/promocja_DO_bikini_brazalijskie-819x1024.jpg 819w, https:\/\/www.depiclinic.pl\/wp-content\/uploads\/2024\/09\/promocja_DO_bikini_brazalijskie-240x300.jpg 240w, https:\/\/www.depiclinic.pl\/wp-content\/uploads\/2024\/09\/promocja_DO_bikini_brazalijskie-768x960.jpg 768w, https:\/\/www.depiclinic.pl\/wp-content\/uploads\/2024\/09\/promocja_DO_bikini_brazalijskie-10x12.jpg 10w, https:\/\/www.depiclinic.pl\/wp-content\/uploads\/2024\/09\/promocja_DO_bikini_brazalijskie-600x750.jpg 600w, https:\/\/www.depiclinic.pl\/wp-content\/uploads\/2024\/09\/promocja_DO_bikini_brazalijskie.jpg 1080w\" sizes=\"(max-width: 819px) 100vw, 819px\" \/>\t\t\t\t\t\t\t\t\t\t\t\t\t\t\t<\/div>\n\t\t\t\t<\/div>\n\t\t\t\t\t<\/div>\n\t\t<\/div>\n\t\t\t\t\t<\/div>\n\t\t<\/section>\n\t\t\t\t<section class=\"elementor-section elementor-top-section elementor-element elementor-element-6de45eb elementor-section-boxed elementor-section-height-default elementor-section-height-default\" data-id=\"6de45eb\" data-element_type=\"section\" data-e-type=\"section\" data-settings=\"{&quot;jet_parallax_layout_list&quot;:[]}\">\n\t\t\t\t\t\t<div class=\"elementor-container elementor-column-gap-default\">\n\t\t\t\t\t<div class=\"elementor-column elementor-col-100 elementor-top-column elementor-element elementor-element-ac10448\" data-id=\"ac10448\" data-element_type=\"column\" data-e-type=\"column\">\n\t\t\t<div class=\"elementor-widget-wrap elementor-element-populated\">\n\t\t\t\t\t\t<div class=\"elementor-element elementor-element-1ac4335 elementor-widget elementor-widget-html\" data-id=\"1ac4335\" data-element_type=\"widget\" data-e-type=\"widget\" data-widget_type=\"html.default\">\n\t\t\t\t<div class=\"elementor-widget-container\">\n\t\t\t\t\t<a href=\"https:\/\/tpay.com\/jak-to-dziala\" target=\"_blank\" title=\"Obs\u0142ugujemy p\u0142atno\u015bci internetowe przez system p\u0142atno\u015bci online Tpay\"><img decoding=\"async\" src=\"https:\/\/tpay.com\/img\/banners\/tpay-768x90.svg\" style=\"border:0\" alt=\"Logo Tpay\" title=\"Logo Tpay\"\/><\/a>\r\n\t\t\t\t<\/div>\n\t\t\t\t<\/div>\n\t\t\t\t\t<\/div>\n\t\t<\/div>\n\t\t\t\t\t<\/div>\n\t\t<\/section>\n\t\t\t\t<\/div>\n\t\t","protected":false},"excerpt":{"rendered":"<p>Kaucja &#8211; Depilacja Laserowa LightSheer Duet Depilacja Laserowa LightSheer Duet &#8211; Kaucja 1 partia cia\u0142a 50,00&nbsp;&#122;&#322; Dodaj do koszyka Depilacja Laserowa LightSheer Duet &#8211; Kaucja 2 partie cia\u0142a 100,00&nbsp;&#122;&#322; Dodaj do koszyka Depilacja Laserowa LightSheer Duet &#8211; Kaucja 3 partie cia\u0142a 150,00&nbsp;&#122;&#322; Dodaj do koszyka Depilacja Laserowa LightSheer Duet &#8211; Kaucja 4 partie cia\u0142a 200,00&nbsp;&#122;&#322; [&hellip;]<\/p>\n","protected":false},"author":1,"featured_media":0,"parent":0,"menu_order":0,"comment_status":"closed","ping_status":"closed","template":"","meta":{"_acf_changed":false,"footnotes":""},"class_list":["post-780","page","type-page","status-publish","hentry"],"acf":[],"_links":{"self":[{"href":"https:\/\/www.depiclinic.pl\/en\/wp-json\/wp\/v2\/pages\/780","targetHints":{"allow":["GET"]}}],"collection":[{"href":"https:\/\/www.depiclinic.pl\/en\/wp-json\/wp\/v2\/pages"}],"about":[{"href":"https:\/\/www.depiclinic.pl\/en\/wp-json\/wp\/v2\/types\/page"}],"author":[{"embeddable":true,"href":"https:\/\/www.depiclinic.pl\/en\/wp-json\/wp\/v2\/users\/1"}],"replies":[{"embeddable":true,"href":"https:\/\/www.depiclinic.pl\/en\/wp-json\/wp\/v2\/comments?post=780"}],"version-history":[{"count":49,"href":"https:\/\/www.depiclinic.pl\/en\/wp-json\/wp\/v2\/pages\/780\/revisions"}],"predecessor-version":[{"id":2257,"href":"https:\/\/www.depiclinic.pl\/en\/wp-json\/wp\/v2\/pages\/780\/revisions\/2257"}],"wp:attachment":[{"href":"https:\/\/www.depiclinic.pl\/en\/wp-json\/wp\/v2\/media?parent=780"}],"curies":[{"name":"wp","href":"https:\/\/api.w.org\/{rel}","templated":true}]}}