{"id":1169,"date":"2023-06-17T14:06:47","date_gmt":"2023-06-17T12:06:47","guid":{"rendered":"https:\/\/www.depiclinic.pl\/?post_type=product&#038;p=1169"},"modified":"2024-09-22T00:09:29","modified_gmt":"2024-09-21T22:09:29","slug":"depilacja-laserowa-letnia-przecena-bikini-pachwiny","status":"publish","type":"product","link":"https:\/\/www.depiclinic.pl\/en\/sklep\/depilacja-laserowa-letnia-przecena-bikini-pachwiny\/","title":{"rendered":"Depilacja Laserowa &#8211; Letnia Przecena &#8211; Bikini Pachwiny"},"content":{"rendered":"<p>Zabieg depilacji laserem diodowym &#8211; polega na eliminacji ow\u0142osienia z linii bikini &#8211; pachwiny, tak aby w\u0142osy nie by\u0142y widoczne spod kostiumu czy bielizny.<\/p>\n<p>Tylko do 20.09.2024 zap\u0142acisz TYLKO 159 z\u0142.<\/p>\n<p>PAMI\u0118TAJ! Czas na wykorzystanie kupionego zabiegu masz do ko\u0144ca wrze\u015bnia 2024 r.<\/p>\n<p><strong>Warunki przeceny wybranych zabieg\u00f3w:\u200b<\/strong><\/p>\n<ol>\n<li>Przecena dotyczy tylko zabieg\u00f3w depilacji laserowej podanych w ofercie na tej stronie.\u200b<\/li>\n<li>Przecena dotyczy zabieg\u00f3w wykonanych w gabinecie na <b>ul. Wo\u0142oskiej 16<\/b> w Warszawie<\/li>\n<li>Z kupionych zabieg\u00f3w mo\u017cna skorzysta\u0107 <b>TYLKO do ko\u0144ca wrze\u015bnia 2024 roku<\/b> &#8211; za niewykorzystane zabiegi po terminie 30.09.2024 r. nie realizujemy zwrot\u00f3w.<\/li>\n<li>Po um\u00f3wieniu terminu wizyty (maksymalnie do 30.09.2024) <b>nie mo\u017cna jej ANULOWA\u0106 oraz PRZEK\u0141ADA\u0106<\/b>. Anulowanie lub prze\u0142o\u017cenie wizyty jest r\u00f3wnoznaczne z rezygnacj\u0105 z zabiegu, za kt\u00f3ry nie realizujemy zwrot\u00f3w.\u200b<\/li>\n<\/ol>\n<p>Uwa\u017cnie przeczytaj powy\u017csze warunki przeceny i zr\u00f3b przemy\u015blane zakupy.<br \/>\nDokonanie zakupu w ofercie Letnie Przeceny jest r\u00f3wnoznaczne z akceptacj\u0105 powy\u017cszych warunk\u00f3w przeceny.<\/p>","protected":false},"excerpt":{"rendered":"<p>Zabieg depilacji laserem diodowym &#8211; polega na eliminacji ow\u0142osienia z linii bikini &#8211; pachwiny, tak aby w\u0142osy nie by\u0142y widoczne spod kostiumu czy bielizny. Tylko do 20.09.2024 zap\u0142acisz TYLKO 159 z\u0142. PAMI\u0118TAJ! Czas na wykorzystanie kupionego zabiegu masz do ko\u0144ca wrze\u015bnia 2024 r. Warunki przeceny wybranych zabieg\u00f3w:\u200b Przecena dotyczy tylko zabieg\u00f3w depilacji laserowej podanych w [&hellip;]<\/p>\n","protected":false},"featured_media":1776,"template":"","meta":{"_acf_changed":false},"product_brand":[],"product_cat":[],"product_tag":[],"class_list":{"0":"post-1169","1":"product","2":"type-product","3":"status-publish","4":"has-post-thumbnail","7":"first","8":"instock","9":"taxable","10":"shipping-taxable","11":"purchasable","12":"product-type-simple"},"acf":[],"_links":{"self":[{"href":"https:\/\/www.depiclinic.pl\/en\/wp-json\/wp\/v2\/product\/1169","targetHints":{"allow":["GET"]}}],"collection":[{"href":"https:\/\/www.depiclinic.pl\/en\/wp-json\/wp\/v2\/product"}],"about":[{"href":"https:\/\/www.depiclinic.pl\/en\/wp-json\/wp\/v2\/types\/product"}],"wp:featuredmedia":[{"embeddable":true,"href":"https:\/\/www.depiclinic.pl\/en\/wp-json\/wp\/v2\/media\/1776"}],"wp:attachment":[{"href":"https:\/\/www.depiclinic.pl\/en\/wp-json\/wp\/v2\/media?parent=1169"}],"wp:term":[{"taxonomy":"product_brand","embeddable":true,"href":"https:\/\/www.depiclinic.pl\/en\/wp-json\/wp\/v2\/product_brand?post=1169"},{"taxonomy":"product_cat","embeddable":true,"href":"https:\/\/www.depiclinic.pl\/en\/wp-json\/wp\/v2\/product_cat?post=1169"},{"taxonomy":"product_tag","embeddable":true,"href":"https:\/\/www.depiclinic.pl\/en\/wp-json\/wp\/v2\/product_tag?post=1169"}],"curies":[{"name":"wp","href":"https:\/\/api.w.org\/{rel}","templated":true}]}}