{"id":1499,"date":"2023-11-21T19:53:35","date_gmt":"2023-11-21T18:53:35","guid":{"rendered":"https:\/\/www.depiclinic.pl\/?post_type=product&#038;p=1499"},"modified":"2023-11-26T00:01:10","modified_gmt":"2023-11-25T23:01:10","slug":"black-friday-depilacja-laserowa-2-zabiegi-duza-czesc-ciala","status":"publish","type":"product","link":"https:\/\/www.depiclinic.pl\/en\/sklep\/black-friday-depilacja-laserowa-2-zabiegi-duza-czesc-ciala\/","title":{"rendered":"BLACK FRIDAY &#8211; Depilacja Laserowa 2 zabiegi Du\u017ca Cz\u0119\u015b\u0107 Cia\u0142a"},"content":{"rendered":"<p>Tylko do 25 listopada 2023 oferta BLACK FRIDAY na zabiegi depilacji laserowej.<\/p>\n<p>Depilacja laserowa <strong>du\u017cej cz\u0119\u015bci cia\u0142a (bikini brazylijskie, ca\u0142a twarz, uda)<\/strong> to rozwi\u0105zanie dla wszystkich os\u00f3b, kt\u00f3re ceni\u0105 sobie wygod\u0119 i kt\u00f3rym zale\u017cy na g\u0142adkiej sk\u00f3rze bez niechcianego ow\u0142osienia w tej okolicy.<\/p>\n<p>Kupuj\u0105c zabieg w Depiclinic masz gwarancj\u0119 \u017ce zabieg b\u0119dzie wykonany przez kosmetologa z du\u017cym do\u015bwiadczeniem w depilacji laserowej, zabieg wykonany b\u0119dzie bardzo dok\u0142adnie na regularnie sprawdzanym i serwisowanym laserze.<\/p>\n<p>PAMI\u0118TAJ! Czas na wykorzystanie kupionego zabiegu masz do ko\u0144ca marca 2024 r.<\/p>\n<p><strong>Warunki przeceny wybranych zabieg\u00f3w:\u200b<\/strong><\/p>\n<ol>\n<li>Przecena dotyczy tylko zabieg\u00f3w depilacji laserowej podanych w ofercie na tej stronie.\u200b<\/li>\n<li>Przecena dotyczy zabieg\u00f3w wykonanych w gabinecie na <b>al. Jana Paw\u0142a II 80\/19 lub ul. Wo\u0142oskiej 16<\/b> w Warszawie<\/li>\n<li>Z kupionych zabieg\u00f3w mo\u017cna skorzysta\u0107 <b>TYLKO do ko\u0144ca marca 2024 roku<\/b> &#8211; za niewykorzystane zabiegi po terminie 31.03.2024 r. nie realizujemy zwrot\u00f3w.<\/li>\n<li>Po um\u00f3wieniu terminu wizyty (maksymalnie do 31.03.2024) <b>nie mo\u017cna jej ANULOWA\u0106 oraz PRZEK\u0141ADA\u0106<\/b>. Anulowanie lub prze\u0142o\u017cenie wizyty jest r\u00f3wnoznaczne z rezygnacj\u0105 z zabiegu, za kt\u00f3ry nie realizujemy zwrot\u00f3w.\u200b<\/li>\n<\/ol>\n<p>Uwa\u017cnie przeczytaj powy\u017csze warunki przeceny i zr\u00f3b przemy\u015blane zakupy.<br \/>\nDokonanie zakupu w ofercie Letnie Przeceny jest r\u00f3wnoznaczne z akceptacj\u0105 powy\u017cszych warunk\u00f3w przeceny.<\/p>","protected":false},"excerpt":{"rendered":"<p>Tylko do 25 listopada 2023 oferta BLACK FRIDAY na zabiegi depilacji laserowej. Depilacja laserowa du\u017cej cz\u0119\u015bci cia\u0142a (bikini brazylijskie, ca\u0142a twarz, uda) to rozwi\u0105zanie dla wszystkich os\u00f3b, kt\u00f3re ceni\u0105 sobie wygod\u0119 i kt\u00f3rym zale\u017cy na g\u0142adkiej sk\u00f3rze bez niechcianego ow\u0142osienia w tej okolicy. Kupuj\u0105c zabieg w Depiclinic masz gwarancj\u0119 \u017ce zabieg b\u0119dzie wykonany przez kosmetologa [&hellip;]<\/p>\n","protected":false},"featured_media":1480,"template":"","meta":{"_acf_changed":false},"product_brand":[],"product_cat":[],"product_tag":[],"class_list":{"0":"post-1499","1":"product","2":"type-product","3":"status-publish","4":"has-post-thumbnail","7":"first","8":"instock","9":"taxable","10":"shipping-taxable","11":"purchasable","12":"product-type-simple"},"acf":[],"_links":{"self":[{"href":"https:\/\/www.depiclinic.pl\/en\/wp-json\/wp\/v2\/product\/1499","targetHints":{"allow":["GET"]}}],"collection":[{"href":"https:\/\/www.depiclinic.pl\/en\/wp-json\/wp\/v2\/product"}],"about":[{"href":"https:\/\/www.depiclinic.pl\/en\/wp-json\/wp\/v2\/types\/product"}],"wp:featuredmedia":[{"embeddable":true,"href":"https:\/\/www.depiclinic.pl\/en\/wp-json\/wp\/v2\/media\/1480"}],"wp:attachment":[{"href":"https:\/\/www.depiclinic.pl\/en\/wp-json\/wp\/v2\/media?parent=1499"}],"wp:term":[{"taxonomy":"product_brand","embeddable":true,"href":"https:\/\/www.depiclinic.pl\/en\/wp-json\/wp\/v2\/product_brand?post=1499"},{"taxonomy":"product_cat","embeddable":true,"href":"https:\/\/www.depiclinic.pl\/en\/wp-json\/wp\/v2\/product_cat?post=1499"},{"taxonomy":"product_tag","embeddable":true,"href":"https:\/\/www.depiclinic.pl\/en\/wp-json\/wp\/v2\/product_tag?post=1499"}],"curies":[{"name":"wp","href":"https:\/\/api.w.org\/{rel}","templated":true}]}}