{"id":1658,"date":"2024-02-03T22:28:19","date_gmt":"2024-02-03T21:28:19","guid":{"rendered":"https:\/\/www.depiclinic.pl\/?post_type=product&#038;p=1658"},"modified":"2024-02-15T00:05:54","modified_gmt":"2024-02-14T23:05:54","slug":"bon-walentynkowy-depilacja-laserowa-2-zabiegi-bikini-pachwiny","status":"publish","type":"product","link":"https:\/\/www.depiclinic.pl\/en\/sklep\/bon-walentynkowy-depilacja-laserowa-2-zabiegi-bikini-pachwiny\/","title":{"rendered":"BON Walentynkowy &#8211; Depilacja Laserowa 2 zabiegi Bikini Pachwiny"},"content":{"rendered":"<p>Tylko do 14 lutego 2024 oferta WALENTYNKOWA na zabiegi depilacji laserowej.<\/p>\n<p>Depilacja laserowa <strong>bikini pachwiny<\/strong>\u00a0to rozwi\u0105zanie dla wszystkich os\u00f3b, kt\u00f3re ceni\u0105 sobie wygod\u0119 i kt\u00f3rym zale\u017cy na g\u0142adkiej sk\u00f3rze bez niechcianego ow\u0142osienia w tej okolicy.<\/p>\n<p>Kupuj\u0105c zabieg w Depiclinic masz gwarancj\u0119 \u017ce zabieg b\u0119dzie wykonany przez kosmetologa z du\u017cym do\u015bwiadczeniem w depilacji laserowej, zabieg wykonany b\u0119dzie bardzo dok\u0142adnie na regularnie sprawdzanym i serwisowanym laserze.<\/p>\n<p>PAMI\u0118TAJ! Czas na wykorzystanie kupionego zabiegu\u00a0 masz do ko\u0144ca 2024 roku.<\/p>\n<p><strong>Warunki przeceny wybranych zabieg\u00f3w:\u200b<\/strong><\/p>\n<ol>\n<li>Przecena dotyczy tylko zabieg\u00f3w depilacji laserowej podanych w ofercie na tej stronie.\u200b<\/li>\n<li>Przecena dotyczy zabieg\u00f3w wykonanych w gabinecie na <b>al. Jana Paw\u0142a II 80\/19 lub ul. Wo\u0142oskiej 16<\/b> w Warszawie<\/li>\n<li>Z kupionych zabieg\u00f3w mo\u017cna skorzysta\u0107 <b>TYLKO do ko\u0144ca 2024 roku<\/b> &#8211; za niewykorzystane zabiegi po terminie 31.12.2024 r. nie realizujemy zwrot\u00f3w.<\/li>\n<li>Po um\u00f3wieniu terminu wizyt (maksymalnie do 31.12.2024) <b>nie mo\u017cna jej ANULOWA\u0106 oraz PRZEK\u0141ADA\u0106<\/b>. Anulowanie lub prze\u0142o\u017cenie wizyt jest r\u00f3wnoznaczne z rezygnacj\u0105 z zabiegu, za kt\u00f3ry nie realizujemy zwrot\u00f3w.<\/li>\n<li>Na wizyt\u0119 nale\u017cy um\u00f3wi\u0107 si\u0119 przynajmniej z 1-tygodniowym wyprzedzeniem.<\/li>\n<li>Je\u017celi do tej pory nie korzysta\u0142a\u015b \/ korzysta\u0142e\u015b z zabieg\u00f3w depilacji laserowej w Depiclinic to najpierw musisz um\u00f3wi\u0107 si\u0119 na DARMOW\u0104 wizyt\u0119 pr\u00f3bn\u0105 z konsultacj\u0105.\u200b<\/li>\n<\/ol>\n<p>Je\u017celi masz pytania zadzwo\u0144 do nas. Dane kontaktowe znajduj\u0105 si\u0119 na g\u00f3rze, w nag\u0142\u00f3wku tej strony WWW.<\/p>\n<p>Uwa\u017cnie przeczytaj powy\u017csze warunki przeceny i zr\u00f3b przemy\u015blane zakupy.<br \/>\nDokonanie zakupu w ofercie WALENTYNKOWEJ jest r\u00f3wnoznaczne z akceptacj\u0105 powy\u017cszych warunk\u00f3w promocji.<\/p>","protected":false},"excerpt":{"rendered":"<p>Tylko do 14 lutego 2024 oferta WALENTYNKOWA na zabiegi depilacji laserowej. Depilacja laserowa bikini pachwiny\u00a0to rozwi\u0105zanie dla wszystkich os\u00f3b, kt\u00f3re ceni\u0105 sobie wygod\u0119 i kt\u00f3rym zale\u017cy na g\u0142adkiej sk\u00f3rze bez niechcianego ow\u0142osienia w tej okolicy. Kupuj\u0105c zabieg w Depiclinic masz gwarancj\u0119 \u017ce zabieg b\u0119dzie wykonany przez kosmetologa z du\u017cym do\u015bwiadczeniem w depilacji laserowej, zabieg wykonany [&hellip;]<\/p>\n","protected":false},"featured_media":1661,"template":"","meta":{"_acf_changed":false},"product_brand":[],"product_cat":[],"product_tag":[],"class_list":{"0":"post-1658","1":"product","2":"type-product","3":"status-publish","4":"has-post-thumbnail","7":"first","8":"instock","9":"virtual","10":"taxable","11":"purchasable","12":"product-type-simple"},"acf":[],"_links":{"self":[{"href":"https:\/\/www.depiclinic.pl\/en\/wp-json\/wp\/v2\/product\/1658","targetHints":{"allow":["GET"]}}],"collection":[{"href":"https:\/\/www.depiclinic.pl\/en\/wp-json\/wp\/v2\/product"}],"about":[{"href":"https:\/\/www.depiclinic.pl\/en\/wp-json\/wp\/v2\/types\/product"}],"wp:featuredmedia":[{"embeddable":true,"href":"https:\/\/www.depiclinic.pl\/en\/wp-json\/wp\/v2\/media\/1661"}],"wp:attachment":[{"href":"https:\/\/www.depiclinic.pl\/en\/wp-json\/wp\/v2\/media?parent=1658"}],"wp:term":[{"taxonomy":"product_brand","embeddable":true,"href":"https:\/\/www.depiclinic.pl\/en\/wp-json\/wp\/v2\/product_brand?post=1658"},{"taxonomy":"product_cat","embeddable":true,"href":"https:\/\/www.depiclinic.pl\/en\/wp-json\/wp\/v2\/product_cat?post=1658"},{"taxonomy":"product_tag","embeddable":true,"href":"https:\/\/www.depiclinic.pl\/en\/wp-json\/wp\/v2\/product_tag?post=1658"}],"curies":[{"name":"wp","href":"https:\/\/api.w.org\/{rel}","templated":true}]}}