{"id":2110,"date":"2024-09-24T21:17:14","date_gmt":"2024-09-24T19:17:14","guid":{"rendered":"https:\/\/www.depiclinic.pl\/?post_type=product&#038;p=2110"},"modified":"2025-05-01T00:30:29","modified_gmt":"2025-04-30T22:30:29","slug":"depilacja-laserowa-dni-otwarte-bikini-pachwiny","status":"publish","type":"product","link":"https:\/\/www.depiclinic.pl\/en\/sklep\/depilacja-laserowa-dni-otwarte-bikini-pachwiny\/","title":{"rendered":"Depilacja Laserowa &#8211; Dni Otwarte &#8211; Bikini Pachwiny"},"content":{"rendered":"<p>Zabieg depilacji laserem diodowym &#8211; polega na eliminacji ow\u0142osienia z linii bikini &#8211; pachwiny, tak aby w\u0142osy nie by\u0142y widoczne spod kostiumu czy bielizny.<\/p>\n<p>Tylko do 30.04.2025 zap\u0142acisz TYLKO 150 z\u0142.<\/p>\n<p>PAMI\u0118TAJ! Czas na wykorzystanie kupionego zabiegu masz do ko\u0144ca maja 2025 r.<\/p>\n<p><strong>Warunki przeceny wybranych zabieg\u00f3w:\u200b<\/strong><\/p>\n<ol>\n<li>Z oferty mog\u0105 skorzysta\u0107 TYLKO nowi klienci, kt\u00f3rzy jeszcze nigdy nie korzystali z naszych us\u0142ug depilacji laserowej.\u200b<\/li>\n<li>Oferta tylko na PIERWSZY zabieg, kolejne zabieg wg cennika promocyjnego OPEN SEASON.<\/li>\n<li>Oferta nie \u0142\u0105czy si\u0119 z innymi promocjami.\u200b<\/li>\n<li>Przecena dotyczy tylko zabieg\u00f3w depilacji laserowej podanych w ofercie na tej stronie.\u200b<\/li>\n<li>Przecena dotyczy zabieg\u00f3w wykonanych w gabinecie na <b>ul. Wo\u0142oskiej 16<\/b> w Warszawie<\/li>\n<li>Z kupionych zabieg\u00f3w mo\u017cna skorzysta\u0107 <b>TYLKO do ko\u0144ca maja 2025 roku<\/b> &#8211; za niewykorzystane zabiegi po terminie 31.05.2025 r. nie realizujemy zwrot\u00f3w.<\/li>\n<li>Po um\u00f3wieniu terminu wizyty (maksymalnie do 31.05.2025) <b>nie mo\u017cna jej ANULOWA\u0106 oraz PRZEK\u0141ADA\u0106<\/b>. Anulowanie lub prze\u0142o\u017cenie wizyty jest r\u00f3wnoznaczne z rezygnacj\u0105 z zabiegu, za kt\u00f3ry nie realizujemy zwrot\u00f3w.\u200b<\/li>\n<\/ol>\n<p>Uwa\u017cnie przeczytaj powy\u017csze warunki przeceny i zr\u00f3b przemy\u015blane zakupy.<br \/>\nDokonanie zakupu w ofercie Letnie Przeceny jest r\u00f3wnoznaczne z akceptacj\u0105 powy\u017cszych warunk\u00f3w przeceny.<\/p>","protected":false},"excerpt":{"rendered":"<p>Zabieg depilacji laserem diodowym &#8211; polega na eliminacji ow\u0142osienia z linii bikini &#8211; pachwiny, tak aby w\u0142osy nie by\u0142y widoczne spod kostiumu czy bielizny. Tylko do 30.04.2025 zap\u0142acisz TYLKO 150 z\u0142. PAMI\u0118TAJ! Czas na wykorzystanie kupionego zabiegu masz do ko\u0144ca maja 2025 r. Warunki przeceny wybranych zabieg\u00f3w:\u200b Z oferty mog\u0105 skorzysta\u0107 TYLKO nowi klienci, kt\u00f3rzy [&hellip;]<\/p>\n","protected":false},"featured_media":2230,"template":"","meta":{"_acf_changed":false},"product_brand":[],"product_cat":[],"product_tag":[],"class_list":{"0":"post-2110","1":"product","2":"type-product","3":"status-publish","4":"has-post-thumbnail","7":"first","8":"instock","9":"taxable","10":"shipping-taxable","11":"purchasable","12":"product-type-simple"},"acf":[],"_links":{"self":[{"href":"https:\/\/www.depiclinic.pl\/en\/wp-json\/wp\/v2\/product\/2110","targetHints":{"allow":["GET"]}}],"collection":[{"href":"https:\/\/www.depiclinic.pl\/en\/wp-json\/wp\/v2\/product"}],"about":[{"href":"https:\/\/www.depiclinic.pl\/en\/wp-json\/wp\/v2\/types\/product"}],"wp:featuredmedia":[{"embeddable":true,"href":"https:\/\/www.depiclinic.pl\/en\/wp-json\/wp\/v2\/media\/2230"}],"wp:attachment":[{"href":"https:\/\/www.depiclinic.pl\/en\/wp-json\/wp\/v2\/media?parent=2110"}],"wp:term":[{"taxonomy":"product_brand","embeddable":true,"href":"https:\/\/www.depiclinic.pl\/en\/wp-json\/wp\/v2\/product_brand?post=2110"},{"taxonomy":"product_cat","embeddable":true,"href":"https:\/\/www.depiclinic.pl\/en\/wp-json\/wp\/v2\/product_cat?post=2110"},{"taxonomy":"product_tag","embeddable":true,"href":"https:\/\/www.depiclinic.pl\/en\/wp-json\/wp\/v2\/product_tag?post=2110"}],"curies":[{"name":"wp","href":"https:\/\/api.w.org\/{rel}","templated":true}]}}