{"id":2251,"date":"2025-03-30T22:28:13","date_gmt":"2025-03-30T20:28:13","guid":{"rendered":"https:\/\/www.depiclinic.pl\/?post_type=product&#038;p=2251"},"modified":"2025-03-30T22:29:21","modified_gmt":"2025-03-30T20:29:21","slug":"depilacja-laserowa-lightsheer-duet-kaucja-4-partie-ciala","status":"publish","type":"product","link":"https:\/\/www.depiclinic.pl\/en\/sklep\/depilacja-laserowa-lightsheer-duet-kaucja-4-partie-ciala\/","title":{"rendered":"Depilacja Laserowa LightSheer Duet &#8211; Kaucja 4 partie cia\u0142a"},"content":{"rendered":"<p>Decyduj\u0105c si\u0119 na zabieg depilacji laserowej wyra\u017casz zgod\u0119 na wp\u0142acenie kaucji\u00a0w celu zabezpieczenia terminu\u00a0w wysoko\u015bci 50 z\u0142 za ka\u017cd\u0105 cz\u0119\u015b\u0107 cia\u0142a, kt\u00f3r\u0105 chcesz podda\u0107 depilacji laserowej. Kaucj\u0119 nale\u017cy wp\u0142aci\u0107 podczas umawiania wizyty w gabinecie lub online. Kaucja mo\u017ce zosta\u0107 przeniesiona na inny dost\u0119pny termin, je\u015bli powiadomisz o tym, co najmniej 72 godzin przed pierwotnie zaplanowanym terminem. Kaucja jest wliczana do ceny zabiegu.<\/p>\n<p><strong>Anulowanie, przek\u0142adanie lub nie stawienie si\u0119 na um\u00f3wionej wizycie przez klienta w terminie kr\u00f3tszym ni\u017c 72 godziny (3 dni) przed um\u00f3wion\u0105 wizyt\u0105, powoduje straty finansowe, wi\u0105\u017c\u0119 si\u0119 to z utrat\u0105 kaucji przez klienta, na co klient wyra\u017ca zgod\u0119.<\/strong><\/p>\n<p>Decyduj\u0105c si\u0119 na zabieg depilacji laserowej akceptujesz\u00a0<a href=\"https:\/\/www.depiclinic.pl\/en\/regulamin\/\" target=\"_blank\" rel=\"noopener\">REGULAMIN<\/a><b>.<\/b><\/p>","protected":false},"excerpt":{"rendered":"<p>Decyduj\u0105c si\u0119 na zabieg depilacji laserowej wyra\u017casz zgod\u0119 na wp\u0142acenie kaucji\u00a0w celu zabezpieczenia terminu\u00a0w wysoko\u015bci 50 z\u0142 za ka\u017cd\u0105 cz\u0119\u015b\u0107 cia\u0142a, kt\u00f3r\u0105 chcesz podda\u0107 depilacji laserowej. Kaucj\u0119 nale\u017cy wp\u0142aci\u0107 podczas umawiania wizyty w gabinecie lub online. Kaucja mo\u017ce zosta\u0107 przeniesiona na inny dost\u0119pny termin, je\u015bli powiadomisz o tym, co najmniej 72 godzin przed pierwotnie zaplanowanym [&hellip;]<\/p>\n","protected":false},"featured_media":577,"template":"","meta":{"_acf_changed":false},"product_brand":[],"product_cat":[],"product_tag":[],"class_list":{"0":"post-2251","1":"product","2":"type-product","3":"status-publish","4":"has-post-thumbnail","7":"first","8":"instock","9":"purchasable","10":"product-type-simple"},"acf":[],"_links":{"self":[{"href":"https:\/\/www.depiclinic.pl\/en\/wp-json\/wp\/v2\/product\/2251","targetHints":{"allow":["GET"]}}],"collection":[{"href":"https:\/\/www.depiclinic.pl\/en\/wp-json\/wp\/v2\/product"}],"about":[{"href":"https:\/\/www.depiclinic.pl\/en\/wp-json\/wp\/v2\/types\/product"}],"wp:featuredmedia":[{"embeddable":true,"href":"https:\/\/www.depiclinic.pl\/en\/wp-json\/wp\/v2\/media\/577"}],"wp:attachment":[{"href":"https:\/\/www.depiclinic.pl\/en\/wp-json\/wp\/v2\/media?parent=2251"}],"wp:term":[{"taxonomy":"product_brand","embeddable":true,"href":"https:\/\/www.depiclinic.pl\/en\/wp-json\/wp\/v2\/product_brand?post=2251"},{"taxonomy":"product_cat","embeddable":true,"href":"https:\/\/www.depiclinic.pl\/en\/wp-json\/wp\/v2\/product_cat?post=2251"},{"taxonomy":"product_tag","embeddable":true,"href":"https:\/\/www.depiclinic.pl\/en\/wp-json\/wp\/v2\/product_tag?post=2251"}],"curies":[{"name":"wp","href":"https:\/\/api.w.org\/{rel}","templated":true}]}}