{"id":891,"date":"2023-05-14T12:15:49","date_gmt":"2023-05-14T10:15:49","guid":{"rendered":"https:\/\/depiclinic.pl\/?post_type=product&#038;p=891"},"modified":"2023-07-27T16:29:33","modified_gmt":"2023-07-27T14:29:33","slug":"depilacja-laserowa-3-zabiegi-wieksza-czesc-ciala-dzien-matki","status":"publish","type":"product","link":"https:\/\/www.depiclinic.pl\/en\/sklep\/depilacja-laserowa-3-zabiegi-wieksza-czesc-ciala-dzien-matki\/","title":{"rendered":"Depilacja Laserowa 3 zabiegi Wi\u0119ksza Cz\u0119\u015b\u0107 Cia\u0142a"},"content":{"rendered":"<p>Voucher na Dzie\u0144 Matki &#8211; na zabiegi depilacji laserowej<br \/>\nTylko do 26 maja 2023 najni\u017csze ceny w sezonie.<\/p>\n<p>Depilacja laserowa <strong>wi\u0119kszej cz\u0119\u015bci cia\u0142a (bikini pachwiny, \u0142ydki, tors, brzuch, dekolt, po\u015bladki)<\/strong> to rozwi\u0105zanie dla wszystkich os\u00f3b, kt\u00f3re ceni\u0105 sobie wygod\u0119 i kt\u00f3rym zale\u017cy na g\u0142adkiej sk\u00f3rze bez niechcianego ow\u0142osienia w tej okolicy.<\/p>\n<p>Kupuj\u0105c zabieg w Depiclinic masz gwarancj\u0119 \u017ce zabieg b\u0119dzie wykonany przez kosmetologa z du\u017cym do\u015bwiadczeniem w depilacji laserowej, zabieg wykonany b\u0119dzie bardzo dok\u0142adnie na regularnie sprawdzanym i serwisowanym laserze.<\/p>","protected":false},"excerpt":{"rendered":"<p>Voucher na Dzie\u0144 Matki &#8211; na zabiegi depilacji laserowej Tylko do 26 maja 2023 najni\u017csze ceny w sezonie. Depilacja laserowa wi\u0119kszej cz\u0119\u015bci cia\u0142a (bikini pachwiny, \u0142ydki, tors, brzuch, dekolt, po\u015bladki) to rozwi\u0105zanie dla wszystkich os\u00f3b, kt\u00f3re ceni\u0105 sobie wygod\u0119 i kt\u00f3rym zale\u017cy na g\u0142adkiej sk\u00f3rze bez niechcianego ow\u0142osienia w tej okolicy. Kupuj\u0105c zabieg w Depiclinic [&hellip;]<\/p>\n","protected":false},"featured_media":882,"template":"","meta":{"_acf_changed":false},"product_brand":[],"product_cat":[],"product_tag":[],"class_list":{"0":"post-891","1":"product","2":"type-product","3":"status-publish","4":"has-post-thumbnail","7":"first","8":"instock","9":"virtual","10":"taxable","11":"purchasable","12":"product-type-simple"},"acf":[],"_links":{"self":[{"href":"https:\/\/www.depiclinic.pl\/en\/wp-json\/wp\/v2\/product\/891","targetHints":{"allow":["GET"]}}],"collection":[{"href":"https:\/\/www.depiclinic.pl\/en\/wp-json\/wp\/v2\/product"}],"about":[{"href":"https:\/\/www.depiclinic.pl\/en\/wp-json\/wp\/v2\/types\/product"}],"wp:featuredmedia":[{"embeddable":true,"href":"https:\/\/www.depiclinic.pl\/en\/wp-json\/wp\/v2\/media\/882"}],"wp:attachment":[{"href":"https:\/\/www.depiclinic.pl\/en\/wp-json\/wp\/v2\/media?parent=891"}],"wp:term":[{"taxonomy":"product_brand","embeddable":true,"href":"https:\/\/www.depiclinic.pl\/en\/wp-json\/wp\/v2\/product_brand?post=891"},{"taxonomy":"product_cat","embeddable":true,"href":"https:\/\/www.depiclinic.pl\/en\/wp-json\/wp\/v2\/product_cat?post=891"},{"taxonomy":"product_tag","embeddable":true,"href":"https:\/\/www.depiclinic.pl\/en\/wp-json\/wp\/v2\/product_tag?post=891"}],"curies":[{"name":"wp","href":"https:\/\/api.w.org\/{rel}","templated":true}]}}